{"id":1858,"date":"2020-09-15T14:04:02","date_gmt":"2020-09-15T06:04:02","guid":{"rendered":"https:\/\/french.ncu.edu.tw\/?page_id=1858"},"modified":"2024-04-22T13:52:15","modified_gmt":"2024-04-22T05:52:15","slug":"2022%e5%b9%b4%e7%a0%94%e8%a8%8e%e6%9c%83","status":"publish","type":"page","link":"https:\/\/french.ncu.edu.tw\/?page_id=1858","title":{"rendered":"2022\u5e74\u7814\u8a0e\u6703"},"content":{"rendered":"<p><iframe loading=\"lazy\" title=\"2022\u570b\u969b\u7814\u8a0e\u6703\" width=\"640\" height=\"360\" src=\"https:\/\/www.youtube.com\/embed\/videoseries?list=PLKeZ2vKHW9bfzfBnP13i70DDoWUzg0msE\" frameborder=\"0\" allow=\"accelerometer; autoplay; clipboard-write; encrypted-media; gyroscope; picture-in-picture; web-share\" referrerpolicy=\"strict-origin-when-cross-origin\" allowfullscreen><\/iframe><\/p>\n<p>Le colloque international \u00ab Survivance des images, transdisciplinarit\u00e9 et transculturalit\u00e9 \u00bb aura lieu du 27 au 29 mai 2022 dans la Salle des conf\u00e9rences internationales de la Facult\u00e9 des Lettres de l\u2019Universit\u00e9 Nationale Centrale (UNC) et par visioconf\u00e9rence. Une vingtaine de chercheurs francophones de Ta\u00efwan et d\u2019autres pays pr\u00e9senteront leurs r\u00e9flexions sur ce sujet (<a href=\"https:\/\/french.ncu.edu.tw\/?p=1870\" target=\"_blank\" rel=\"noopener\">voir l&#8217;appel \u00e0 contribution<\/a>) \u00e0 travers des domaines vari\u00e9s (cin\u00e9ma, photographie, litt\u00e9rature, bande-dessin\u00e9e, th\u00e9\u00e2tre, etc.) Si vous souhaitez y participer, veuillez cliquer sur le lien ci-dessous et compl\u00e9ter le formulaire d\u2019inscription. Un lien Google Meet vous parviendra avant le colloque.<\/p>\n<p>Nous vous remercions de bien vouloir nous retourner le formulaire d\u2019ici le 22 mai 2022 au plus tard.\u00a0\u00a0<\/p>\n<p>Au plaisir de vous voir tr\u00e8s prochainement.\u00a0<\/p>\n<p>&nbsp;<\/p>\n<p>\u300c\u5f71\u50cf\u907a\u5b58\uff0c\u8de8\u9818\u57df\u8207\u8de8\u6587\u5316\u300d\u570b\u969b\u7814\u8a0e\u6703\u5c072022\u5e745\u670827\u81f329\u65e5\u65bc\u570b\u7acb\u4e2d\u592e\u5927\u5b78\u6587\u5b78\u4e00\u9928\u570b\u969b\u6703\u8b70\u5ef3 A302\u8209\u8fa6 \uff0c\u4e26\u540c\u6642\u958b\u653e\u89c0\u773e\u7dda\u4e0a\u53c3\u8207\u3002\u4f86\u81ea\u53f0\u7063\u53ca\u6cd5\u8a9e\u5340\u570b\u5bb6\u4e4b\u5b78\u8005\u5c07\u900f\u904e\u4e0d\u540c\u9818\u57df\uff08\u96fb\u5f71\u3001\u651d\u5f71\u3001\u6587\u5b78\u3001\u6f2b\u756b\u3001\u5287\u5834\u7b49\uff09\u767c\u8868\u5404\u81ea\u5c0d\u8a72\u4e3b\u984c\u4e4b\u601d\u8003\uff08<a href=\"https:\/\/french.ncu.edu.tw\/?p=1870\" target=\"_blank\" rel=\"noopener\">\u8a73\u898b\u5fb5\u7a3f\u6587<\/a>\uff09\u3002\u5982\u60a8\u6709\u610f\u53c3\u8207\u9019\u5834\u76db\u6703\uff0c\u8acb\u9ede\u9078\u4ee5\u4e0b\u7db2\u5740\u586b\u9078\u8868\u55ae\u5b8c\u6210\u5831\u540d\u3002<\/p>\n<p>\u8868\u55ae\u8acb\u60a8\u6700\u665a\u65bc5\u670822\u65e5\u524d\u63d0\u4ea4\uff0c\u4ee5\u65b9\u4fbf\u5de5\u4f5c\u4eba\u54e1\u7d71\u6574\u3002\u6211\u5011\u6703\u5728\u7814\u8a0e\u6703\u524d\u5e7e\u65e5\u5c07\u8996\u8a0a\u9023\u7d50\u5bc4\u81f3\u60a8\u7684\u4fe1\u7bb1\u3002<\/p>\n<p>\u671f\u5f85\u60a8\u7684\u849e\u81e8\u8207\u6307\u6559\u3002<\/p>\n<p>&nbsp;<\/p>\n<p>\u2726 <a href=\"https:\/\/forms.gle\/3bis226AYLD1iEpB6\" target=\"_blank\" rel=\"noopener\"><strong>Le lien pour l\u2019inscription <\/strong><strong>\u5831\u540d\u7db2\u5740<\/strong><\/a><br \/>\n\u2726 <a href=\"https:\/\/drive.google.com\/file\/d\/1aYu1fMTHEj4QaBIeyubsRQW1GSbdGJD8\/view?usp=sharing\" target=\"_blank\" rel=\"noopener\"><strong>La brochure du colloque <\/strong><strong>\u5927\u6703\u624b\u518a<\/strong><\/a><\/p>\n<p>\n***Langue officielle du colloque : fran\u00e7ais. \u7814\u8a0e\u6703\u5168\u7a0b\u4ee5\u6cd5\u6587\u9032\u884c***\u00a0<\/p>\n<p>&nbsp;<\/p>\n<hr \/>\n<p>&nbsp;<\/p>\n<p><strong>Comit\u00e9 scientifique \u7c4c\u5099\u59d4\u54e1\u6703 :<\/strong><\/p>\n<p style=\"padding-left: 40px;\">\nLuc Vancheri (professeur, Universit\u00e9 Lumi\u00e8re Lyon 2)<br \/>\nHsu Chi-Lin, (professeure, Universit\u00e9 Nationale Centrale)<br \/>\nTanguy Lepesant, (professeur associ\u00e9, Universit\u00e9 Nationale Centrale)<br \/>\nIvan Gros, (professeur associ\u00e9, Universit\u00e9 Nationale Centrale)<br \/>\nShih Wei-Chu, (professeure assistante, Universit\u00e9 Nationale Centrale)<br \/>\nMatthieu Kolatte, (professeur assistant, Universit\u00e9 Nationale Centrale)<\/p>\n<p>&nbsp;<\/p>\n<hr \/>\n<p>&nbsp;<\/p>\n<p><strong>Quelques informations pratiques <\/strong><strong>\u6821\u5712\u8cc7\u8a0a<\/strong><\/p>\n<p>* L\u2019adresse de l\u2019UNC <a href=\"https:\/\/www.ncu.edu.tw\/en\/index.php\" target=\"_blank\" rel=\"noopener\">\u570b\u7acb\u4e2d\u592e\u5927\u5b78<\/a>\u5730\u5740\uff1a<\/p>\n<p style=\"padding-left: 40px;\">National Central University<br \/>\nNo. 300, Zhongda Rd., Zhongli District, Taoyuan City 320317, Taiwan<br \/>\n320\u6843\u5712\u5e02\u4e2d\u58e2\u5340\u4e2d\u5927\u8def300\u865f<\/p>\n<p>\n* Secr\u00e9tariat du D\u00e9partement de Fran\u00e7ais <a href=\"https:\/\/french.ncu.edu.tw\/\" target=\"_blank\" rel=\"noopener\">\u570b\u7acb\u4e2d\u592e\u5927\u5b78\u6cd5\u6587\u7cfb<\/a>\uff1a<\/p>\n<p style=\"padding-left: 40px;\">salle C2-315-1, Facult\u00e9 des Lettres II<br \/>\n\u6587\u5b78\u4e8c\u9928\u4e09\u6a13C2-315-16\u5ba4 <br \/>\n\u96fb\u8a71\uff1a03-4227151\uff0333300 \u621603-4267179<\/p>\n<p>\nPour venir \u00e0 l\u2019UNC \u524d\u5f80\u4e2d\u592e\u5927\u5b78\u7684\u4ea4\u901a\u65b9\u5f0f :<\/p>\n<p style=\"padding-left: 40px;\">* <a href=\"https:\/\/www.ncu.edu.tw\/tw\/pages\/show.php?top=1&amp;num=56\" target=\"_blank\" rel=\"noopener\">version anglaise \u82f1\u6587\u7248<\/a><br \/>\n* <a href=\"https:\/\/www.ncu.edu.tw\/tw\/pages\/show.php?top=1&amp;num=56\" target=\"_blank\" rel=\"noopener\">version chinoise \u4e2d\u6587\u7248<\/a><br \/>\n* <a href=\"https:\/\/www.ncu.edu.tw\/en\/pages\/show.php?top=1&amp;num=35\" target=\"_blank\" rel=\"noopener\">Carte du campus \u6821\u5712\u5730\u5716<\/a><\/p>\n<p>&nbsp;<\/p>\n<hr \/>\n<p>&nbsp;<\/p>\n","protected":false},"excerpt":{"rendered":"<p>Le colloque intern<\/p>\n","protected":false},"author":1,"featured_media":0,"parent":285,"menu_order":0,"comment_status":"closed","ping_status":"closed","template":"","meta":{"footnotes":""},"class_list":["post-1858","page","type-page","status-publish","hentry"],"_links":{"self":[{"href":"https:\/\/french.ncu.edu.tw\/index.php?rest_route=\/wp\/v2\/pages\/1858"}],"collection":[{"href":"https:\/\/french.ncu.edu.tw\/index.php?rest_route=\/wp\/v2\/pages"}],"about":[{"href":"https:\/\/french.ncu.edu.tw\/index.php?rest_route=\/wp\/v2\/types\/page"}],"author":[{"embeddable":true,"href":"https:\/\/french.ncu.edu.tw\/index.php?rest_route=\/wp\/v2\/users\/1"}],"replies":[{"embeddable":true,"href":"https:\/\/french.ncu.edu.tw\/index.php?rest_route=%2Fwp%2Fv2%2Fcomments&post=1858"}],"version-history":[{"count":16,"href":"https:\/\/french.ncu.edu.tw\/index.php?rest_route=\/wp\/v2\/pages\/1858\/revisions"}],"predecessor-version":[{"id":5873,"href":"https:\/\/french.ncu.edu.tw\/index.php?rest_route=\/wp\/v2\/pages\/1858\/revisions\/5873"}],"up":[{"embeddable":true,"href":"https:\/\/french.ncu.edu.tw\/index.php?rest_route=\/wp\/v2\/pages\/285"}],"wp:attachment":[{"href":"https:\/\/french.ncu.edu.tw\/index.php?rest_route=%2Fwp%2Fv2%2Fmedia&parent=1858"}],"curies":[{"name":"wp","href":"https:\/\/api.w.org\/{rel}","templated":true}]}}