{"id":202,"date":"2020-02-14T13:23:49","date_gmt":"2020-02-14T05:23:49","guid":{"rendered":"http:\/\/140.115.197.66:3000\/?page_id=202"},"modified":"2021-02-04T15:49:35","modified_gmt":"2021-02-04T07:49:35","slug":"%e7%95%99%e5%ad%b8%e9%81%8a%e5%ad%b8","status":"publish","type":"page","link":"https:\/\/french.ncu.edu.tw\/?page_id=202","title":{"rendered":"\u7559\u5b78\u904a\u5b78"},"content":{"rendered":"<h1>\u7559\u5b78\u904a\u5b78<\/h1>\n<h2><\/h2>\n<p>&nbsp;<\/p>\n<p><a href=\"http:\/\/www.edufrance.fr\/\" target=\"_blank\" rel=\"noopener noreferrer\">http:\/\/www.edufrance.fr<\/a><br \/>\n\u6cd5\u570b\u9ad8\u7b49\u6559\u80b2\u7db2\u7ad9\uff0c\u63d0\u4f9b\u6cd5\u570b\u7559\u5b78\u8cc7\u8a0a\uff0c\u53ca\u6d3e\u99d0\u65bc\u5404\u570b\u7684\u6cd5\u570b\u7559\u5b78\u4e2d\u5fc3\u806f\u7d61\u65b9\u6cd5\u3002<\/p>\n<hr \/>\n<p><a href=\"http:\/\/www.fle.fr\/\" target=\"_blank\" rel=\"noopener noreferrer\">http:\/\/www.fle.fr<\/a><br \/>\n\u63d0\u4f9b\u6cd5\u570b\u5404\u5730FLE(fran\u00e7ais langue \u00e9trang\u00e8re)\u6cd5\u8a9e\u6559\u5b78\u8a9e\u8a00\u4e2d\u5fc3\u8a0a\u606f\uff0c\u4ee5\u53ca\u6559\u6388\u6cd5\u6587\u8005\u5168\u7403\u6559\u5b78\u5be6\u7fd2\u7b49\u8cc7\u8a0a\u3002<\/p>\n<hr \/>\n<p><a href=\"http:\/\/www.souffle.asso.fr\/\" target=\"_blank\" rel=\"noopener noreferrer\">http:\/\/www.souffle.asso.fr<\/a><br \/>\n\u5716\u6587\u4ecb\u7d39\u6cd5\u570b\u5404\u57ce\u5e02\u8a9e\u8a00\u4e2d\u5fc3\uff0c\u6709\u8208\u8da3\u5230\u6cd5\u570b\u904a\u5b78\u7684\u4eba\uff0c\u503c\u5f97\u4e00\u63a2\u7a76\u7adf\uff0c\u9084\u6709\u8a9e\u8a00\u4e2d\u5fc3\u7684\u806f\u7d61\u65b9\u6cd5\u3002<\/p>\n<hr \/>\n<p><a href=\"http:\/\/www.magicparis.com\/\" target=\"_blank\" rel=\"noopener noreferrer\">http:\/\/www.magicparis.com<\/a><br \/>\n\u5df4\u9ece\u5403\u559d\u73a9\u6a02\uff0c\u76e1\u5728\u5176\u4e2d\u3002<\/p>\n<hr \/>\n<p><a href=\"http:\/\/www.tourisme.fr\/\" target=\"_blank\" rel=\"noopener noreferrer\">http:\/\/www.tourisme.fr<\/a><br \/>\n\u6cd5\u570b\u65c5\u904a\u7db2\uff0c\u4ecb\u7d39\u6cd5\u570b\u3002<\/p>\n<hr \/>\n<p><a href=\"http:\/\/www.cybevasion.fr\/index.html\" target=\"_blank\" rel=\"noopener noreferrer\">http:\/\/www.cybevasion.fr\/index.html<\/a><br \/>\n\u5168\u7403\u570b\u5bb6\u65c5\u904a\u8cc7\u8a0a\u641c\u5c0b(\u6cd5\u6587)<\/p>\n<hr \/>\n<p><a href=\"https:\/\/www.sncf.com\/fr\" target=\"_blank\" rel=\"noopener noreferrer\">SNCF \u6cd5\u570b\u9ad8\u9435<\/a><br \/>\n\u6cd5\u570b\u570b\u9435\u3002<\/p>\n<hr \/>\n<p><a href=\"http:\/\/www.eurostar.com\/dctm\/jsp\/index.jsp\" target=\"_blank\" rel=\"noopener noreferrer\">http:\/\/www.eurostar.com\/dctm\/jsp\/index.jsp<\/a><br \/>\n\u6b50\u6d32\u4e4b\u661f\u3002<\/p>\n<hr \/>\n<p><a href=\"http:\/\/francebalade.free.fr\/\" target=\"_blank\" rel=\"noopener noreferrer\">http:\/\/francebalade.free.fr\/<\/a><br \/>\n\u6cd5\u570b\u6f2b\u6b65\uff0c\u57ce\u5e02\u65c5\u904a\u67e5\u8a62\u7db2\uff0c\u7c21\u4ecb\u53ca\u5730\u5716\u3002<\/p>\n<hr \/>\n<p><a href=\"http:\/\/www.adele.fr\/\" target=\"_blank\" rel=\"noopener noreferrer\">http:\/\/www.adele.fr<\/a><br \/>\n\u4ee5\u57ce\u5e02\u5206\u5225\uff0c\u63d0\u4f9b\u5b78\u751f\u5c45\u4f4f\u7684\u8a0a\u606f\u53ca\u79df\u5c4b\u9078\u64c7\u6b65\u9a5f\u3002<\/p>\n<hr \/>\n<p><a href=\"http:\/\/www.service-public.fr\/\" target=\"_blank\" rel=\"noopener noreferrer\">http:\/\/www.service-public.fr<\/a><br \/>\n\u6cd5\u570b\u4f4f\u6240\u3001\u8b49\u4ef6\u8fa6\u7406\u3001\u4ea4\u901a\u7b49\u751f\u6d3b\u7463\u788e\u884c\u653f\u554f\u984c\u89e3\u7b54\u3002<\/p>\n<hr \/>\n<p><a href=\"http:\/\/www.franceguide.com\/\" target=\"_blank\" rel=\"noopener noreferrer\">http:\/\/www.franceguide.com<\/a><br \/>\n\u6cd5\u570b\u4e4b\u5bb6(Maison de la France)\uff0c\u6cd5\u570b\u65c5\u904a\u5b98\u65b9\u7db2\u7ad9\u3002<\/p>\n<hr \/>\n<p>&nbsp;<\/p>\n<div id=\"gtx-trans\" style=\"position: absolute; left: -5px; top: 1337.08px;\">\n<div class=\"gtx-trans-icon\"><\/div>\n<\/div>\n","protected":false},"excerpt":{"rendered":"<p>\u7559\u5b78\u904a\u5b78 &nbsp; http:\/<\/p>\n","protected":false},"author":1,"featured_media":0,"parent":185,"menu_order":5,"comment_status":"closed","ping_status":"closed","template":"tmpl-front-page.php","meta":{"footnotes":""},"class_list":["post-202","page","type-page","status-publish","hentry"],"_links":{"self":[{"href":"https:\/\/french.ncu.edu.tw\/index.php?rest_route=\/wp\/v2\/pages\/202"}],"collection":[{"href":"https:\/\/french.ncu.edu.tw\/index.php?rest_route=\/wp\/v2\/pages"}],"about":[{"href":"https:\/\/french.ncu.edu.tw\/index.php?rest_route=\/wp\/v2\/types\/page"}],"author":[{"embeddable":true,"href":"https:\/\/french.ncu.edu.tw\/index.php?rest_route=\/wp\/v2\/users\/1"}],"replies":[{"embeddable":true,"href":"https:\/\/french.ncu.edu.tw\/index.php?rest_route=%2Fwp%2Fv2%2Fcomments&post=202"}],"version-history":[{"count":10,"href":"https:\/\/french.ncu.edu.tw\/index.php?rest_route=\/wp\/v2\/pages\/202\/revisions"}],"predecessor-version":[{"id":2350,"href":"https:\/\/french.ncu.edu.tw\/index.php?rest_route=\/wp\/v2\/pages\/202\/revisions\/2350"}],"up":[{"embeddable":true,"href":"https:\/\/french.ncu.edu.tw\/index.php?rest_route=\/wp\/v2\/pages\/185"}],"wp:attachment":[{"href":"https:\/\/french.ncu.edu.tw\/index.php?rest_route=%2Fwp%2Fv2%2Fmedia&parent=202"}],"curies":[{"name":"wp","href":"https:\/\/api.w.org\/{rel}","templated":true}]}}