{"id":6193,"date":"2024-07-23T12:04:52","date_gmt":"2024-07-23T04:04:52","guid":{"rendered":"https:\/\/french.ncu.edu.tw\/?page_id=6193"},"modified":"2024-11-28T17:52:01","modified_gmt":"2024-11-28T09:52:01","slug":"2024%e6%b3%95%e8%aa%9e%e6%96%87%e5%ad%b8%e8%88%87%e6%96%87%e5%8c%96%ef%bc%8d%e7%a2%a9%e5%a3%ab%e7%94%9f%e8%b7%a8%e6%a0%a1%e5%ad%b8%e8%a1%93%e7%a0%94%e8%a8%8e%e6%9c%83","status":"publish","type":"page","link":"https:\/\/french.ncu.edu.tw\/?page_id=6193","title":{"rendered":"2024\u6cd5\u8a9e\u6587\u5b78\u8207\u6587\u5316\uff0d\u78a9\u58eb\u751f\u8de8\u6821\u5b78\u8853\u7814\u8a0e\u6703"},"content":{"rendered":"<p style=\"text-align: center;\">2024\u00a0<strong>\u6cd5\u8a9e\u6587\u5b78\u8207\u6587\u5316\uff0d\u78a9\u58eb\u751f\u8de8\u6821\u5b78\u8853\u7814\u8a0e\u6703<\/strong><\/p>\n<p style=\"text-align: center;\">Colloque interuniversitaire des \u00e9tudiants de Master en litt\u00e9ratures et cultures francophones\u00a0<\/p>\n<p><img loading=\"lazy\" decoding=\"async\" class=\"wp-image-6195 aligncenter\" src=\"https:\/\/french.ncu.edu.tw\/wp-content\/uploads\/person.png\" alt=\"\" width=\"532\" height=\"197\" srcset=\"https:\/\/french.ncu.edu.tw\/wp-content\/uploads\/person.png 851w, https:\/\/french.ncu.edu.tw\/wp-content\/uploads\/person-768x284.png 768w\" sizes=\"(max-width: 532px) 100vw, 532px\" \/><\/p>\n<p>Salut\uff01\u570b\u7acb\u4e2d\u592e\u5927\u5b78\u6cd5\u6587\u7cfb\u5c07\u65bc<strong>2024\u5e7411\u670829\u65e5\uff0c\u65bc\u4e2d\u592e\u5927\u5b78\u6587\u5b78\u9662C2-224\u6703\u8b70\u5ef3<\/strong>\u8209\u8fa6\u8de8\u6821\u78a9\u58eb\u751f\u5b78\u8853\u7814\u8a0e\u6703\u3002\u6b61\u8fce18\u4f4d\u4f86\u81ea\u4e0d\u540c\u6cd5\u6587\u6240\u3001\u53ca\u7814\u7a76\u4e3b\u984c\u76f8\u95dc\u7684\u78a9\u58eb\u751f\uff0c\u767c\u8868\u6709\u95dc\u6587\u5b78\u3001\u54f2\u5b78\u3001\u96fb\u5f71\u3001\u793e\u6703\u7684\u7814\u7a76\uff0c\u5f9e\u591a\u89d2\u5ea6\u4f86\u4e86\u89e3\u6cd5\u8a9e\u570b\u5bb6\u3002\u671f\u76fc\u570b\u5167\u5c08\u7814\u6cd5\u8a9e\u6587\u5b78\u8207\u6587\u5316\u7684\u5b78\u5b50\u80fd\u65bc\u6b64\u6642\u6a5f\u9f4a\u805a\u4e00\u5802\uff0c\u5c55\u73fe\u6240\u5b78\u6210\u679c\uff0c\u5f7c\u6b64\u4ea4\u6d41\u3002<\/p>\n<p>\u5982\u60a8\u6709\u610f\u53c3\u8207\u9019\u5834\u76db\u6703\uff0c\u8acb\u9ede\u9078\u4ee5\u4e0b\u7db2\u5740\u586b\u9078\u8868\u55ae\u5b8c\u6210\u5831\u540d(\u5099\u6709\u9ad8\u9435\u7ad9\u4ea4\u901a\u63a5\u99c1\u8eca\uff0c\u6b61\u8fce\u767b\u8a18)\u3002\u671f\u5f85\u60a8\u7684\u849e\u81e8\u8207\u6307\u6559\u3002<\/p>\n<p>Salut\u202f! Le colloque\u00ab \u00a0le Colloque interuniversitaire des \u00e9tudiants de Master en litt\u00e9ratures et cultures francophones \u00bb aura lieu du 29 novembre 2024 dans la Salle 224 de la Facult\u00e9 des Lettres de l\u2019Universit\u00e9 Nationale Centrale (UNC). 18 \u00e9tudiants vont partager leur recherche li\u00e9e aux pays francophone aux domaines vari\u00e9s (litt\u00e9rature, cin\u00e9ma, philosophie, sociologie, histoire, etc.) \u00a0Si vous souhaitez y participer, veuillez cliquer sur le lien ci-dessous et compl\u00e9ter le formulaire d\u2019inscription.<\/p>\n<p>Au plaisir de vous voir tr\u00e8s prochainement.\u00a0<\/p>\n<p>***Langue officielle du colloque : chinois, fran\u00e7ais. \u7814\u8a0e\u6703\u4ee5\u4e2d\u6587\u3001\u6cd5\u6587\u9032\u884c***\u00a0<\/p>\n<p>&nbsp;<\/p>\n<p><strong>\u7814\u8a0e\u6703\u65e5\u671f<\/strong>\uff1a<strong>2024\u5e74\u5ea611\u670829\u65e5(\u4e94)<\/strong><\/p>\n<p>La date:\u00a0 Vendredi, 29 Nov. 2024<\/p>\n<p><strong>\u7814\u8a0e\u6703\u5730\u9ede\uff1a\u570b\u7acb\u4e2d\u592e\u5927\u5b78\u6587\u5b78\u9662\u4e8c\u9928C2-224\u4eba\u6587\u8b1b\u5802(\u5834\u5730A)\u3001C2-216\u6559\u5ba4(\u5834\u5730B)<\/strong><\/p>\n<p>Lieu: salle C2-216 et salle C2-224, Fac. Litt\u00e9rature, Universit\u00e9 National Central.<\/p>\n<p><a href=\"https:\/\/french.ncu.edu.tw\/?p=5898\" target=\"_blank\" rel=\"noopener\">\u25c7\u5fb5\u7a3f\u555f\u4e8b Appels du colloque<\/a><\/p>\n<p><a href=\"https:\/\/french.ncu.edu.tw\/?p=5898\" target=\"_blank\" rel=\"noopener\">\u25c7<\/a><a href=\"https:\/\/french.ncu.edu.tw\/?page_id=6204\" target=\"_blank\" rel=\"noopener\">\u767c\u8868\u540d\u55ae La liste de th\u00e8sis<\/a><\/p>\n<p><a href=\"https:\/\/docs.google.com\/document\/d\/14VV5Y8hU7wqEmSxhH7XVZvVK0_6FQJ_S\/edit\" target=\"_blank\" rel=\"noopener\">\u25c7\u7814\u8a0e\u6703\u8b70\u7a0b tableau du colloque<\/a><\/p>\n<p>\u25c7<a href=\"https:\/\/forms.gle\/mvHuLzotpd9ZovnJ8\" target=\"_blank\" rel=\"noopener\">\u5831\u540d\u9801\u9762Le lien pour l\u2019inscription\u00a0\u00a0<\/a><\/p>\n<p>\u25c7<a href=\"https:\/\/french.ncu.edu.tw\/wp-content\/uploads\/1128\u7db2\u9801\u624b\u518a.pdf\" target=\"_blank\" rel=\"noopener\">\u6703\u8b70\u624b\u518aLa brochure du colloque<\/a><\/p>\n<p><strong>\u4e3b\u8fa6\u55ae\u4f4d\uff1a<\/strong>\u570b\u7acb\u4e2d\u592e\u5927\u5b78\u6cd5\u6587\u7cfb<\/p>\n<p><strong>\u5354\u8fa6\u55ae\u4f4d\uff1a<\/strong>\u570b\u7acb\u4e2d\u592e\u5927\u5b78\u6587\u5b78\u9662\u3001\u81fa\u6cd5\u6587\u5316\u6559\u80b2\u57fa\u91d1\u6703<\/p>\n<p><strong>\u806f\u7d61\u4eba\uff1a<\/strong>\u5f35\u5c0f\u59d0(\u4e2d\u592e\u5927\u5b78\u6cd5\u6587\u7cfb\u7cfb\u8fa6)\/03-4267179\uff0c\u96fb\u5b50\u90f5\u4ef6\u5730\u5740\uff1a<a href=\"mailto:ncu3300@ncu.edu.tw\">ncu3300@ncu.edu.tw<\/a><\/p>\n<p>&nbsp;<\/p>\n<p><strong>\u7814\u8a0e\u6703\u63a5\u99c1\u8eca<\/strong>\uff1a\u6843\u5712\u9ad8\u9435\u7ad9-\u4e2d\u592e\u5927\u5b78<\/p>\n<p>\u00a0\u2606\u53bb\u7a0b 9:20\u65bc\u51fa\u53e35\u7684\u516c\u8eca\u505c\u9760\u6708\u53f0(\u5f8c\u65b9\u6708\u53f0)\u767c\u8eca\u00a0\u00a0<\/p>\n<p>\u2606 \u56de\u7a0b 17:40 \u65bc\u4e2d\u592e\u5927\u5b78\u884c\u653f\u5927\u6a13\u524d\u767c\u8eca<\/p>\n<p>\u5efa\u8b70\u4ea4\u901a\u65b9\u5f0f\uff1a<\/p>\n<p>1) \u642d\u4e58\u6a5f\u5834\u6377\u904b\u81f3\u6843\u5712\u9ad8\u9435\u7ad9\u4e0b\u8eca\uff0c\u8f49\u4e58\u5927\u6703\u63a5\u99c1\u8eca\uff0c\u6216\u5e02\u5340\u516c\u8eca(172.173)\u65bc\u300c\u4e2d\u592e\u5927\u5b78\u8b66\u885b\u5ba4\u7ad9\u300d\u4e0b\u8eca<\/p>\n<p>2) \u958b\u8eca(\u4e2d\u58e2\u4ea4\u6d41\u9053)<\/p>\n<p>3) \u642d\u4e58\u706b\u8eca\u81f3\u4e2d\u58e2\u7ad9\uff0c\u8f49\u4e58\u5e02\u5340\u516c\u8eca\uff0c\u7d0420\u81f330\u5206\u9418\uff0c\u65bc\u4e2d\u592e\u5927\u5b78\u4e2d\u592e\u5927\u5b78\u8b66\u885b\u5ba4\u7ad9\u300d\u4e0b\u8eca<\/p>\n<p>4) \u81ea\u53f0\u5317\u5e02\u7684\u884c\u5929\u5bae\u524d\u642d\u4e589025\u516c\u8eca\u81f3\u300c\u4f51\u6c11\u91ab\u9662\u300d\u4e0b\u8eca\uff0c\u8f49\u4e58\u5e02\u5340\u516c\u8eca\u6216\u5e02\u8a08\u7a0b\u8eca\u81f3\u6821\u5712\u5167\u3002<\/p>\n<p>\u4e2d\u592e\u5927\u5b78\u4ea4\u901a\u8cc7\u8a0a\uff1ahttps:\/\/www.ncu.edu.tw\/tw\/pages\/show.php?top=1&amp;num=56<\/p>\n<p>\u6843\u5712\u9ad8\u9435\u5e73\u9762\u5716\uff1ahttps:\/\/www.thsrc.com.tw\/ArticleContent\/fbd828d8-b1da-4b06-a3bd-680cdca4d2cd<\/p>\n<p>&nbsp;<\/p>\n<hr \/>\n<p><strong>Quelques informations pratiques\u00a0<\/strong><strong>\u6821\u5712\u8cc7\u8a0a<\/strong><\/p>\n<p>* L\u2019adresse de l\u2019UNC\u00a0<a href=\"https:\/\/www.ncu.edu.tw\/en\/index.php\" target=\"_blank\" rel=\"noopener\">\u570b\u7acb\u4e2d\u592e\u5927\u5b78<\/a>\u5730\u5740\uff1a<\/p>\n<p>National Central University<br \/>\nNo. 300, Zhongda Rd., Zhongli District, Taoyuan City 320317, Taiwan<br \/>\n320\u6843\u5712\u5e02\u4e2d\u58e2\u5340\u4e2d\u5927\u8def300\u865f<\/p>\n<p>* Secr\u00e9tariat du D\u00e9partement de Fran\u00e7ais\u00a0<a href=\"https:\/\/french.ncu.edu.tw\/\" target=\"_blank\" rel=\"noopener\">\u570b\u7acb\u4e2d\u592e\u5927\u5b78\u6cd5\u6587\u7cfb<\/a>\uff1a<\/p>\n<p>salle C2-315-1, Facult\u00e9 des Lettres II<br \/>\n\u6587\u5b78\u4e8c\u9928\u4e09\u6a13C2-315-1\u5ba4<br \/>\n\u96fb\u8a71\uff1a03-4227151\uff0333300 \u621603-4267179<\/p>\n<p>Pour venir \u00e0 l\u2019UNC\u524d\u5f80\u4e2d\u592e\u5927\u5b78\u7684\u4ea4\u901a\u65b9\u5f0f :<\/p>\n<p>* <a href=\"https:\/\/www.ncu.edu.tw\/tw\/pages\/show.php?top=1&amp;num=56\" target=\"_blank\" rel=\"noopener\">version chinoise \u4e2d\u6587\u7248<\/a><br \/>\n*\u00a0<a href=\"https:\/\/www.ncu.edu.tw\/en\/pages\/show.php?top=1&amp;num=35\" target=\"_blank\" rel=\"noopener\">Carte du campus \u6821\u5712\u5730\u5716<\/a><\/p>\n<p><img loading=\"lazy\" decoding=\"async\" class=\"alignnone  wp-image-6419\" src=\"https:\/\/french.ncu.edu.tw\/wp-content\/uploads\/2024\u6cd5\u8a9e\u6587\u5b78\u8207\u6587\u5316\u78a9\u58eb\u751f\u8de8\u6821\u5b78\u8853\u7814\u8a0e\u6703\u6d77\u5831.jpg\" alt=\"\" width=\"682\" height=\"965\" srcset=\"https:\/\/french.ncu.edu.tw\/wp-content\/uploads\/2024\u6cd5\u8a9e\u6587\u5b78\u8207\u6587\u5316\u78a9\u58eb\u751f\u8de8\u6821\u5b78\u8853\u7814\u8a0e\u6703\u6d77\u5831.jpg 1587w, https:\/\/french.ncu.edu.tw\/wp-content\/uploads\/2024\u6cd5\u8a9e\u6587\u5b78\u8207\u6587\u5316\u78a9\u58eb\u751f\u8de8\u6821\u5b78\u8853\u7814\u8a0e\u6703\u6d77\u5831-768x1086.jpg 768w, https:\/\/french.ncu.edu.tw\/wp-content\/uploads\/2024\u6cd5\u8a9e\u6587\u5b78\u8207\u6587\u5316\u78a9\u58eb\u751f\u8de8\u6821\u5b78\u8853\u7814\u8a0e\u6703\u6d77\u5831-1086x1536.jpg 1086w, https:\/\/french.ncu.edu.tw\/wp-content\/uploads\/2024\u6cd5\u8a9e\u6587\u5b78\u8207\u6587\u5316\u78a9\u58eb\u751f\u8de8\u6821\u5b78\u8853\u7814\u8a0e\u6703\u6d77\u5831-1448x2048.jpg 1448w, https:\/\/french.ncu.edu.tw\/wp-content\/uploads\/2024\u6cd5\u8a9e\u6587\u5b78\u8207\u6587\u5316\u78a9\u58eb\u751f\u8de8\u6821\u5b78\u8853\u7814\u8a0e\u6703\u6d77\u5831-1024x1449.jpg 1024w\" sizes=\"(max-width: 682px) 100vw, 682px\" \/><\/p>\n<p>&nbsp;<\/p>\n<hr \/>\n<p>&nbsp;<\/p>\n","protected":false},"excerpt":{"rendered":"<p>2024\u00a0\u6cd5\u8a9e\u6587\u5b78\u8207\u6587\u5316\uff0d\u78a9\u58eb\u751f\u8de8\u6821<\/p>\n","protected":false},"author":1,"featured_media":0,"parent":0,"menu_order":0,"comment_status":"closed","ping_status":"closed","template":"","meta":{"footnotes":""},"class_list":["post-6193","page","type-page","status-publish","hentry"],"_links":{"self":[{"href":"https:\/\/french.ncu.edu.tw\/index.php?rest_route=\/wp\/v2\/pages\/6193"}],"collection":[{"href":"https:\/\/french.ncu.edu.tw\/index.php?rest_route=\/wp\/v2\/pages"}],"about":[{"href":"https:\/\/french.ncu.edu.tw\/index.php?rest_route=\/wp\/v2\/types\/page"}],"author":[{"embeddable":true,"href":"https:\/\/french.ncu.edu.tw\/index.php?rest_route=\/wp\/v2\/users\/1"}],"replies":[{"embeddable":true,"href":"https:\/\/french.ncu.edu.tw\/index.php?rest_route=%2Fwp%2Fv2%2Fcomments&post=6193"}],"version-history":[{"count":31,"href":"https:\/\/french.ncu.edu.tw\/index.php?rest_route=\/wp\/v2\/pages\/6193\/revisions"}],"predecessor-version":[{"id":6501,"href":"https:\/\/french.ncu.edu.tw\/index.php?rest_route=\/wp\/v2\/pages\/6193\/revisions\/6501"}],"wp:attachment":[{"href":"https:\/\/french.ncu.edu.tw\/index.php?rest_route=%2Fwp%2Fv2%2Fmedia&parent=6193"}],"curies":[{"name":"wp","href":"https:\/\/api.w.org\/{rel}","templated":true}]}}