{"id":639,"date":"2020-02-15T18:30:36","date_gmt":"2020-02-15T10:30:36","guid":{"rendered":"http:\/\/140.115.197.66:3000\/?page_id=639"},"modified":"2021-10-05T16:54:27","modified_gmt":"2021-10-05T08:54:27","slug":"departement-de-francais","status":"publish","type":"page","link":"https:\/\/french.ncu.edu.tw\/?page_id=639&lang=fr","title":{"rendered":"D\u00e9partement de Fran\u00e7ais"},"content":{"rendered":"<h2>D\u00e9partement de Fran\u00e7ais UNC<\/h2>\n<p>&nbsp;<\/p>\n<p><img loading=\"lazy\" decoding=\"async\" class=\"alignnone wp-image-643 size-full\" src=\"https:\/\/french.ncu.edu.tw\/wp-content\/uploads\/banner_demo3-1.png\" alt=\"\" width=\"1500\" height=\"350\" \/><\/p>\n<h3>\u00a0<\/h3>\n<h3>1. Num\u00e9ro 1 :<\/h3>\n<p style=\"padding-left: 40px;\">Parmi les cinq d\u00e9partements de fran\u00e7ais existant \u00e0 Taiwan, celui de l&#8217;Universit\u00e9 Nationale Centrale est le seul dans une universit\u00e9 nationale. Il b\u00e9n\u00e9ficie de ce fait de conditions de travail et de financement sup\u00e9rieures qui attirent les meilleurs enseignants et \u00e9tudiants de tout le pays. Le d\u00e9partement \u2014 ou, plus exactement, son bachelor (1er cycle d\u2019\u00e9tudes universitaires, d\u2019une dur\u00e9e de quatre ans) \u2014 a \u00e9t\u00e9 cr\u00e9\u00e9 en 1981, et son master (2\u00e8me cycle, d\u2019une dur\u00e9e minimale de deux ans) fond\u00e9 en 2000. Il se caract\u00e9rise par un accent mis \u00e0 la fois sur la langue et les cultures fran\u00e7aise et francophone, et une grande volont\u00e9 d\u2019internationalisation, d\u2019\u00e9changes bilat\u00e9raux avec diff\u00e9rents \u00e9tablissements des pays francophones. Offrant une solide formation en langue vivante, il propose aux \u00e9tudiants de bachelor et de master des cours sur la linguistique, la litt\u00e9rature (du Moyen Age \u00e0 notre \u00e9poque), l&#8217;image fixe et mouvante, les courants de pens\u00e9es contemporains, la s\u00e9miologie et d&#8217;autres th\u00e9ories critiques inspir\u00e9es de la psychanalyse et de la sociologie.<\/p>\n<p>&nbsp;<\/p>\n<hr \/>\n<h3>2. Effectifs et cursus :<\/h3>\n<p style=\"padding-left: 40px;\">Le d\u00e9partement compte une douzaine d\u2019enseignants-chercheurs \u00e0 temps plein, taiwanais, europ\u00e9ens et nord-am\u00e9ricains. Il est \u00e0 pr\u00e9ciser que les collaborateurs taiwanais ont tous \u00e9t\u00e9 form\u00e9s dans une universit\u00e9 europ\u00e9enne ou am\u00e9ricaine, la presque totalit\u00e9 jusqu\u2019au doctorat. Le d\u00e9partement accueille chaque ann\u00e9e environ 50 nouveaux \u00e9tudiants pour le bachelor, et de 6 \u00e0 7 \u00e9tudiants pour le master (qui s\u2019ach\u00e8ve par la r\u00e9daction d\u2019un m\u00e9moire en fran\u00e7ais ou en chinois). Les cours se d\u00e9roulent en petites classes, avec en moyenne une vingtaine d&#8217;\u00e9tudiants pour les cours obligatoires du bachelor.<\/p>\n<p>&nbsp;<\/p>\n<hr \/>\n<h3>3. Ressources documentaires :<\/h3>\n<p style=\"padding-left: 40px;\">La biblioth\u00e8que de l&#8217;universit\u00e9 dispose d\u2019environ 25.000 titres en fran\u00e7ais portant sur des domaines couvrant l&#8217;ensemble des disciplines litt\u00e9raires et des sciences humaines. Elle est abonn\u00e9e \u00e0 environ 100 p\u00e9riodiques de langue fran\u00e7aise, comprenant des revues universitaires et des magazines importants de linguistique, litt\u00e9rature, art, cin\u00e9ma, histoire, philosophie et politique, ainsi que des p\u00e9riodiques d&#8217;actualit\u00e9 et de mode.<\/p>\n<hr \/>\n<h4>4. Portail de toute l\u2019universit\u00e9 pour le monde francophone :<\/h4>\n<p style=\"padding-left: 40px;\">Le d\u00e9partement se veut le portail de toute l\u2019universit\u00e9 pour le monde francophone. Ainsi, les accords, sign\u00e9s par son interm\u00e9diaire, avec plus d\u2019une dizaine d\u2019illustres universit\u00e9s des 4 principaux pays francophones occidentaux &#8212; la France, la Belgique, la Suisse et le Canada &#8212; permettent non seulement au d\u00e9partement lui-m\u00eame, mais aussi aux autres d\u00e9partements de diff\u00e9rentes facult\u00e9s, de r\u00e9aliser des \u00e9changes bilat\u00e9raux tant pour les \u00e9tudiants que pour les enseignants-chercheurs.<\/p>\n<hr \/>\n<h3>5. Centre du Cin\u00e9ma et de la Culture des Pays Francophones (CCPF) :<\/h3>\n<p style=\"padding-left: 40px;\">(http:\/\/www.ncu.edu.tw\/~ccpf\/visite\/visite.php) Le CCPF, premier du genre en Asie-Pacifique, a \u00e9t\u00e9 cr\u00e9\u00e9 en 1995 \u00e0 l&#8217;Universit\u00e9 Nationale Centrale de Taiwan \u00e0 l&#8217;occasion du centenaire du cin\u00e9ma.<\/p>\n<hr \/>\n<h3>6. Laboratoire de la Lumi\u00e8re Magique (www.ncu.edu.tw\/~ccpf) :<\/h3>\n<p style=\"padding-left: 40px;\">Le centre, cr\u00e9\u00e9 en 2003 en hommage aux fr\u00e8res Lumi\u00e8re et \u00e0 Georges M\u00e9li\u00e8s, poss\u00e8de une collection d\u2019environ 900 DVD comprenant la fiction, le documentaire, l\u2019animation et les arts du spectacle fran\u00e7ais, belges, suisses, canadiens (qu\u00e9b\u00e9cois), maghr\u00e9bins, africains, taiwanais, etc. Ses \u00e9quipement permettent aux usagers d\u2019y visionner ces films, de se documenter sur Internet, de suivre les \u00e9missions de TV5 Monde, etc.<\/p>\n<hr \/>\n<p>&nbsp;<\/p>\n","protected":false},"excerpt":{"rendered":"<p>D\u00e9partement de Fra<\/p>\n","protected":false},"author":1,"featured_media":0,"parent":0,"menu_order":0,"comment_status":"closed","ping_status":"closed","template":"tmpl-front-page.php","meta":{"footnotes":""},"class_list":["post-639","page","type-page","status-publish","hentry"],"_links":{"self":[{"href":"https:\/\/french.ncu.edu.tw\/index.php?rest_route=\/wp\/v2\/pages\/639"}],"collection":[{"href":"https:\/\/french.ncu.edu.tw\/index.php?rest_route=\/wp\/v2\/pages"}],"about":[{"href":"https:\/\/french.ncu.edu.tw\/index.php?rest_route=\/wp\/v2\/types\/page"}],"author":[{"embeddable":true,"href":"https:\/\/french.ncu.edu.tw\/index.php?rest_route=\/wp\/v2\/users\/1"}],"replies":[{"embeddable":true,"href":"https:\/\/french.ncu.edu.tw\/index.php?rest_route=%2Fwp%2Fv2%2Fcomments&post=639"}],"version-history":[{"count":7,"href":"https:\/\/french.ncu.edu.tw\/index.php?rest_route=\/wp\/v2\/pages\/639\/revisions"}],"predecessor-version":[{"id":3039,"href":"https:\/\/french.ncu.edu.tw\/index.php?rest_route=\/wp\/v2\/pages\/639\/revisions\/3039"}],"wp:attachment":[{"href":"https:\/\/french.ncu.edu.tw\/index.php?rest_route=%2Fwp%2Fv2%2Fmedia&parent=639"}],"curies":[{"name":"wp","href":"https:\/\/api.w.org\/{rel}","templated":true}]}}