{"id":672,"date":"2020-02-15T19:50:58","date_gmt":"2020-02-15T11:50:58","guid":{"rendered":"http:\/\/140.115.197.66:3000\/?page_id=672"},"modified":"2026-01-30T14:58:09","modified_gmt":"2026-01-30T06:58:09","slug":"portraits-de-chercheurs","status":"publish","type":"page","link":"https:\/\/french.ncu.edu.tw\/?page_id=672&lang=fr","title":{"rendered":"Corps professoral"},"content":{"rendered":"<p>&nbsp;<\/p>\n<table style=\"border-collapse: collapse; width: 100%;\">\n<tbody>\n<tr>\n<td style=\"width: 25%; text-align: center;\">\n<p><span style=\"font-family: georgia, palatino, serif;\"><img loading=\"lazy\" decoding=\"async\" class=\"aligncenter \" src=\"https:\/\/french.ncu.edu.tw\/wp-content\/uploads\/Tanguy-LE-PESANT.jpg\" width=\"216\" height=\"203\" \/><\/span><\/p>\n<p><span style=\"font-family: georgia, palatino, serif; font-size: 12pt;\">\u5289\u67cf\u6851<\/span><br \/>\n<span style=\"font-family: georgia, palatino, serif; font-size: 12pt;\">Tanguy LEPESANT<\/span><br \/>\n<span style=\"font-family: georgia, palatino, serif; font-size: 12pt;\">Professeur associ\u00e9 et Directeur<\/span><br \/>\n<span style=\"font-family: georgia, palatino, serif; font-size: 12pt;\"><a href=\"mailto:leiposan@gmail.com\">leiposan@gmail.com<\/a><\/span><\/p>\n<p><span style=\"font-family: georgia, palatino, serif;\">poste\uff5c33307<\/span><\/p>\n<p><span style=\"font-family: georgia, palatino, serif;\">Sciences politiques, Sociologie, Politique culturelle<\/span><\/p>\n<\/td>\n<td style=\"width: 23.9101%; text-align: center;\">\n<p>&nbsp;<\/p>\n<p><img loading=\"lazy\" decoding=\"async\" class=\"aligncenter\" style=\"font-family: georgia, palatino, serif;\" src=\"https:\/\/french.ncu.edu.tw\/wp-content\/uploads\/IMG_2367-3-scaled.jpg\" width=\"177\" height=\"217\" \/><\/p>\n<p><span style=\"font-family: georgia, palatino, serif;\"><span style=\"font-size: 12pt;\">\u7518<\/span><span style=\"font-size: 12pt;\">\u4f73\u5e73<small class=\"text-muted\"><br \/>\n<\/small>KAN Chia-Ping<br \/>\nProfesseure<br \/>\n<a href=\"mailto:chiaping@ncu.edu.tw\">chiaping@ncu.edu.tw<\/a><\/span><\/span><\/p>\n<p><span style=\"font-family: georgia, palatino, serif;\">poste\uff5c33310<\/span><\/p>\n<p><span style=\"font-family: georgia, palatino, serif;\">Etudes balzaciennes, Litt\u00e9rature fran\u00e7aise du 19\u00e8me si\u00e8cle, Litt\u00e9rature compar\u00e9e<\/span><\/p>\n<\/td>\n<td style=\"width: 26.0899%; text-align: center;\">\n<p>&nbsp;<\/p>\n<p><span style=\"font-family: georgia, palatino, serif;\"><img loading=\"lazy\" decoding=\"async\" class=\"aligncenter \" src=\"https:\/\/french.ncu.edu.tw\/wp-content\/uploads\/007-teyu-2.jpg\" width=\"195\" height=\"195\" \/><\/span><\/p>\n<p><span style=\"font-family: georgia, palatino, serif; font-size: 12pt;\">\u6797\u5fb7\u7950<small class=\"text-muted\"><br \/>\n<\/small>LIN Te-Yu<br \/>\nProfesseur associ\u00e9<br \/>\n<a href=\"mailto:linteyu@cc.ncu.edu.tw\" target=\"_blank\" rel=\"noopener\">linteyu@cc.ncu.edu.tw<\/a><\/span><\/p>\n<p><span style=\"font-family: georgia, palatino, serif;\">poste\uff5c33305<\/span><\/p>\n<p><span style=\"font-family: georgia, palatino, serif;\">Recherche sur les romans fran\u00e7ais, Critique litt\u00e9raire, traductologie<\/span><\/p>\n<\/td>\n<td style=\"width: 25%; text-align: center;\">\n<p><span style=\"font-family: georgia, palatino, serif;\"><img loading=\"lazy\" decoding=\"async\" class=\"aligncenter \" src=\"https:\/\/french.ncu.edu.tw\/wp-content\/uploads\/HSU-Chia-Hua.jpg\" width=\"194\" height=\"223\" \/><\/span><\/p>\n<p><span style=\"font-family: georgia, palatino, serif; font-size: 12pt;\">\u5f90\u4f73\u83ef<small class=\"text-muted\"><br \/>\n<\/small>HSU Chia-Hua<br \/>\nProfesseure associ\u00e9e<br \/>\n<a href=\"mailto:chiahuahsu@ncu.edu.tw\">chiahuahsu@ncu.edu.tw<\/a><\/span><\/p>\n<p><span style=\"font-family: georgia, palatino, serif;\">poste\uff5c33319<\/span><\/p>\n<p><span style=\"font-family: georgia, palatino, serif;\">\u00c9tudes camusiennes ; Litt\u00e9rature alg\u00e9rienne d\u2019expression fran\u00e7aise (avant l\u2019ind\u00e9pendance)<\/span><\/p>\n<\/td>\n<\/tr>\n<tr>\n<td style=\"width: 25%; text-align: center;\">\n<p><span style=\"font-family: georgia, palatino, serif;\"><img loading=\"lazy\" decoding=\"async\" class=\"aligncenter \" src=\"https:\/\/french.ncu.edu.tw\/wp-content\/uploads\/SHIH-Wei-Chu-1-e1690783468436.jpg\" width=\"259\" height=\"232\" \/><\/span><\/p>\n<p><span style=\"font-family: georgia, palatino, serif; font-size: 12pt;\">\u53f2\u60df\u7b51<small class=\"text-muted\"><br \/>\n<\/small>SHIH Wei-Chu<br \/>\nProfesseure associ\u00e9e<br \/>\n<a href=\"mailto:uitioksu@ncu.edu.tw\">uitioksu@ncu.edu.tw<\/a><\/span><\/p>\n<p><span style=\"font-family: georgia, palatino, serif;\">poste\uff5c33308<\/span><\/p>\n<p><span style=\"font-family: georgia, palatino, serif;\">Esth\u00e9tique cin\u00e9matographique, Arts visuels contemporains, Education visuelle<\/span><\/p>\n<\/td>\n<td style=\"width: 23.9101%; text-align: center;\">\n<p><span style=\"font-family: georgia, palatino, serif;\"><img loading=\"lazy\" decoding=\"async\" class=\"aligncenter \" src=\"https:\/\/french.ncu.edu.tw\/wp-content\/uploads\/\u8a31\u6a02\u5c71-e1690783077156.jpg\" width=\"198\" height=\"224\" \/><\/span><\/p>\n<p><span style=\"font-family: georgia, palatino, serif; font-size: 12pt;\">\u8a31\u6a02\u5c71<small class=\"text-muted\"><br \/>\n<\/small>Bruno GALMAR<br \/>\nProfesseur associ\u00e9<br \/>\n<a href=\"mailto:brunogalmar@cc.ncu.edu.tw\">brunogalmar@cc.ncu.edu.tw<\/a><\/span><\/p>\n<p><span style=\"font-family: georgia, palatino, serif;\">poste \uff5c33303<\/span><\/p>\n<p><span style=\"font-family: georgia, palatino, serif;\">Fran\u00e7ais des sciences, Pens\u00e9e informatique, Intelligence artificielle et litt\u00e9rature<\/span><\/p>\n<\/td>\n<td style=\"width: 26.0899%; text-align: center;\">\n<p><span style=\"font-family: georgia, palatino, serif;\"><img loading=\"lazy\" decoding=\"async\" class=\"aligncenter \" src=\"https:\/\/french.ncu.edu.tw\/wp-content\/uploads\/WENG-Cheng-Sheng.gif\" width=\"241\" height=\"249\" \/><\/span><\/p>\n<p class=\"card-title\"><span style=\"font-family: georgia, palatino, serif; font-size: 12pt;\">\u7fc1\u632f\u76db<br \/>\nWENG Chen-Sheng<br \/>\nProfesseur assistant<br \/>\n<a href=\"mailto:wengchen@cc.ncu.edu.tw\">wengchen@cc.ncu.edu.tw<\/a>\u00a0\u00a0<\/span><\/p>\n<p><span style=\"font-family: georgia, palatino, serif;\">poste\uff5c33304<\/span><\/p>\n<p><span style=\"font-family: georgia, palatino, serif;\">Th\u00e9orie litt\u00e9raire, Psychanalyse, Litt\u00e9rature fran\u00e7aise contemporaine<\/span><\/p>\n<\/td>\n<td style=\"width: 25%; text-align: center;\">\n<p><span style=\"font-family: georgia, palatino, serif;\"><img loading=\"lazy\" decoding=\"async\" class=\"aligncenter\" src=\"https:\/\/french.ncu.edu.tw\/wp-content\/uploads\/1318257-e1690783400806.jpg\" width=\"191\" height=\"216\" \/><\/span><\/p>\n<p class=\"card-title\"><span style=\"font-family: georgia, palatino, serif; font-size: 12pt;\">\u859b\u93b5\u92d0<br \/>\nHSUEH Chia-Hung<br \/>\nProfesseur assistant<br \/>\n<a href=\"mailto:chhsueh@g.ncu.edu.tw\">chhsueh@g.ncu.edu.tw<\/a>\u00a0<\/span><\/p>\n<p><span style=\"font-family: georgia, palatino, serif;\">poste\uff5c33311<\/span><\/p>\n<p><span style=\"font-family: georgia, palatino, serif;\">Histoire des th\u00e9ories linguistiques<\/span><\/p>\n<\/td>\n<\/tr>\n<tr>\n<td style=\"width: 25%; text-align: center;\">\n<p><span style=\"font-family: georgia, palatino, serif;\"><img loading=\"lazy\" decoding=\"async\" class=\"aligncenter \" src=\"https:\/\/french.ncu.edu.tw\/wp-content\/uploads\/\u96c5\u5a77\u8001\u5e2b-e1690783316421.jpg\" width=\"228\" height=\"240\" \/><\/span><\/p>\n<p><span style=\"font-family: georgia, palatino, serif; font-size: 12pt;\">\u5f35\u96c5\u5a77<small class=\"text-muted\"><br \/>\n<\/small>CHANG Ya-Ting<br \/>\nProfesseure assistante<br \/>\n<a href=\"mailto:kacha@ncu.edu.tw\">kacha@ncu.edu.tw<\/a><\/span><\/p>\n<p><span style=\"font-family: georgia, palatino, serif;\">poste\uff5c33306<\/span><\/p>\n<p><span style=\"font-family: georgia, palatino, serif;\">Litt\u00e9rature fran\u00e7aise contemporaine, \u00c9criture de vie, Critique g\u00e9n\u00e9tique<\/span><\/p>\n<\/td>\n<td style=\"width: 23.9101%; text-align: center;\">\n<p><span style=\"font-family: georgia, palatino, serif;\"><img loading=\"lazy\" decoding=\"async\" class=\"alignnone \" src=\"https:\/\/french.ncu.edu.tw\/wp-content\/uploads\/Photo-pour-le-site\u65b9.jpg\" width=\"212\" height=\"231\" \/><\/span><\/p>\n<p><span style=\"font-family: georgia, palatino, serif;\"><span style=\"font-size: 12pt;\">\u4f55\u7389\u6e05<br \/>\nCandice ROZE<br \/>\n<\/span>Professeure assistante<\/span><br \/>\n<span style=\"font-family: georgia, palatino, serif;\"><a href=\"mailto:candiceroze24@ncu.edu.tw\" target=\"_blank\" rel=\"noopener\">candiceroze24@ncu.edu.tw<\/a><\/span><\/p>\n<p><span style=\"font-family: georgia, palatino, serif;\">poste\uff5c33309<\/span><\/p>\n<p><span style=\"font-family: georgia, palatino, serif;\">Anthropologie, \u00c9tude\u00a0des religions<\/span><\/p>\n<\/td>\n<td style=\"width: 26.0899%; text-align: center;\"><img loading=\"lazy\" decoding=\"async\" class=\"alignnone  wp-image-6846\" src=\"https:\/\/french.ncu.edu.tw\/wp-content\/uploads\/Jean-pierre-1.jpg\" alt=\"\" width=\"185\" height=\"222\" \/><\/p>\n<p><span style=\"font-size: 12pt; font-family: georgia, palatino, serif;\">\u9673\u5c1a\u57f9<\/span><br \/>\n<span style=\"font-family: georgia, palatino, serif;\"><span style=\"font-size: 12pt;\">Jean-Pierre TAING\u00a0<br \/>\n<\/span><\/span><span style=\"font-family: georgia, palatino, serif; font-size: 12pt;\">Professeur assistant<\/span><br \/>\n<a href=\"mailto:jjptaing@cc.ncu.edu.tw\"><span style=\"font-size: 12pt; font-family: georgia, palatino, serif;\">jjptaing@cc.ncu.edu.tw<\/span><\/a><\/p>\n<p><span style=\"font-family: georgia, palatino, serif;\">poste\uff5c33312<\/span><\/p>\n<p><span style=\"font-family: georgia, palatino, serif;\">G\u00e9ographie humaine, Diaspora chinoise, Migration internationale, Commerce transnational<\/span><\/p>\n<\/td>\n<td style=\"width: 25%; text-align: center;\">\n<p><span style=\"font-family: georgia, palatino, serif;\"><img loading=\"lazy\" decoding=\"async\" class=\"aligncenter\" src=\"https:\/\/french.ncu.edu.tw\/wp-content\/uploads\/019chupei.jpg\" width=\"225\" height=\"219\" \/><\/span><\/p>\n<p><span style=\"font-size: 12pt; font-family: georgia, palatino, serif;\">\u90b1\u60e0\u4f69<\/span><br \/>\n<span style=\"font-family: georgia, palatino, serif;\"><span style=\"font-size: 12pt;\">CHIU Hui-Pei<br \/>\n<\/span>Ma\u00eetre de Conf\u00e9rence<\/span><br \/>\n<span style=\"font-size: 12pt; font-family: georgia, palatino, serif;\"><a href=\"mailto:huipeichiu@gmail.com\">huipeichiu@gmail.com<\/a><\/span><\/p>\n<p><span style=\"font-family: georgia, palatino, serif;\">poste\uff5c33313<\/span><\/p>\n<p><span style=\"font-family: georgia, palatino, serif;\">\u00a0Litt\u00e9rature fran\u00e7aise, Didactique du fran\u00e7ais\u00a0<\/span><\/p>\n<\/td>\n<\/tr>\n<\/tbody>\n<\/table>\n<p>&nbsp;<\/p>\n<hr \/>\n<p>&nbsp;<\/p>\n<div id=\"gtx-trans\" style=\"position: absolute; left: -4px; top: 45.9062px;\">\n<div class=\"gtx-trans-icon\">\u00a0<\/div>\n<\/div>\n","protected":false},"excerpt":{"rendered":"<p>&nbsp; \u5289\u67cf\u6851 Tanguy <\/p>\n","protected":false},"author":1,"featured_media":0,"parent":0,"menu_order":4,"comment_status":"closed","ping_status":"closed","template":"","meta":{"footnotes":""},"class_list":["post-672","page","type-page","status-publish","hentry"],"_links":{"self":[{"href":"https:\/\/french.ncu.edu.tw\/index.php?rest_route=\/wp\/v2\/pages\/672"}],"collection":[{"href":"https:\/\/french.ncu.edu.tw\/index.php?rest_route=\/wp\/v2\/pages"}],"about":[{"href":"https:\/\/french.ncu.edu.tw\/index.php?rest_route=\/wp\/v2\/types\/page"}],"author":[{"embeddable":true,"href":"https:\/\/french.ncu.edu.tw\/index.php?rest_route=\/wp\/v2\/users\/1"}],"replies":[{"embeddable":true,"href":"https:\/\/french.ncu.edu.tw\/index.php?rest_route=%2Fwp%2Fv2%2Fcomments&post=672"}],"version-history":[{"count":21,"href":"https:\/\/french.ncu.edu.tw\/index.php?rest_route=\/wp\/v2\/pages\/672\/revisions"}],"predecessor-version":[{"id":7115,"href":"https:\/\/french.ncu.edu.tw\/index.php?rest_route=\/wp\/v2\/pages\/672\/revisions\/7115"}],"wp:attachment":[{"href":"https:\/\/french.ncu.edu.tw\/index.php?rest_route=%2Fwp%2Fv2%2Fmedia&parent=672"}],"curies":[{"name":"wp","href":"https:\/\/api.w.org\/{rel}","templated":true}]}}