{"id":680,"date":"2020-02-15T19:56:52","date_gmt":"2020-02-15T11:56:52","guid":{"rendered":"http:\/\/140.115.197.66:3000\/?page_id=680"},"modified":"2025-01-23T15:06:22","modified_gmt":"2025-01-23T07:06:22","slug":"universites-partenaires","status":"publish","type":"page","link":"https:\/\/french.ncu.edu.tw\/?page_id=680&lang=fr","title":{"rendered":"Universit\u00e9s partenaires"},"content":{"rendered":"<h2>\u00a0<\/h2>\n<h2>Canada<\/h2>\n<h3 style=\"padding-left: 40px;\"><a href=\"https:\/\/www.umontreal.ca\/\" target=\"_blank\" rel=\"noopener noreferrer\">\u00a0Universit\u00e9 de Montr\u00e9al<\/a><\/h3>\n<p style=\"padding-left: 40px;\">Situ\u00e9e \u00e0 Montr\u00e9al, dans la province de Qu\u00e9bec, au Canada, l\u2019Universit\u00e9 de Montr\u00e9al a \u00e9t\u00e9 fond\u00e9e en 1878 et est l&#8217;une des membres du G13 &#8211; Regroupement des universit\u00e9s de recherche du Canada dont la comp\u00e9tence de recherche est la plus forte du pays. Cette universit\u00e9 est particuli\u00e8rement r\u00e9put\u00e9e pour ses \u00e9tudes d\u2019histoire, ses \u00e9tudes cin\u00e9matographiques, sa litt\u00e9rature compar\u00e9e, l&#8217;informatique, la chimie et la physique, les \u00e9tudes mus\u00e9ales et les m\u00e9dias interactifs. L&#8217;architecture paysag\u00e8re est \u00e9galement l&#8217;une des plus renomm\u00e9es disciplines au Canada. L\u2019universit\u00e9 comprend 13 facult\u00e9s et 2 institutions affili\u00e9es connues: la facult\u00e9 de g\u00e9nie, l\u2019\u00c9cole des Hautes \u00c9tudes commerciales de Montr\u00e9al, ainsi que le plus grand centre d&#8217;\u00e9tudes juridiques de tout le Canada.<\/p>\n<hr \/>\n<h2>Belgique<\/h2>\n<h3 style=\"padding-left: 40px;\"><a href=\"https:\/\/www.ulb.be\/\" target=\"_blank\" rel=\"noopener noreferrer\">Bienvenue \u00e0 l&#8217;ULB<\/a><\/h3>\n<p style=\"padding-left: 40px;\">Fond\u00e9e en 1834, l\u2019ULB accueille les \u00e9tudiants de l\u2019Europe et du monde entier. Ayant actuellement 29% d\u2019\u00e9tudiants internationaux, cette universit\u00e9 est renomm\u00e9e pour sa diversit\u00e9 culturelle, son engagement envers la libert\u00e9 et les valeurs humanistes. Elle dispose de trois campus et comprend 8 d\u00e9partements, ainsi que plusieurs facult\u00e9s et instituts de recherche: facult\u00e9 de lettres et de philosophie, facult\u00e9 de droit, facult\u00e9 des sciences humaines et politiques, facult\u00e9 de psychologie et des sciences de l&#8217;\u00e9ducation, facult\u00e9 des sciences naturelles, facult\u00e9 de m\u00e9decine, \u00e9cole de sant\u00e9 publique, et l&#8217;Institut d&#8217;\u00e9tudes europ\u00e9ennes. C&#8217;est une universit\u00e9 pluridisciplinaire qui englobe quasiment toutes les sciences humaines et naturelles. Elle est \u00e9galement une universit\u00e9 de recherche mondialement reconnue, ayant remport\u00e9 3 prix Nobel et plusieurs autres distinctions scientifiques renomm\u00e9es.<\/p>\n<hr style=\"padding-left: 40px;\" \/>\n<h3 style=\"padding-left: 40px;\"><a href=\"https:\/\/uclouvain.be\/fr\/index.html\" target=\"_blank\" rel=\"noopener noreferrer\">Universit\u00e9 catholique de Louvain<\/a><\/h3>\n<p style=\"padding-left: 40px;\">Fond\u00e9e en 1425, c&#8217;est la plus grande universit\u00e9 de Belgique et la plus ancienne universit\u00e9 catholique qui existe \u00e0 pr\u00e9sent. Elle est aussi la plus ancienne universit\u00e9 des pays de l&#8217;Europe de l&#8217;Ouest dont le terrain est bas (les Pays-Bas, la Belgique, le Luxembourg, etc.). Depuis 1968, elle s&#8217;est divis\u00e9e en deux universit\u00e9s diff\u00e9rentes: Katholieke Universiteit Leuven (en n\u00e9erlandais) et l&#8217;Universit\u00e9 catholique de Louvain.\u3002<\/p>\n<hr \/>\n<h2>Suisse<\/h2>\n<h3 style=\"padding-left: 40px;\"><a href=\"https:\/\/www.unige.ch\/\" target=\"_blank\" rel=\"noopener noreferrer\">Universit\u00e9 de Gen\u00e8ve<\/a><\/h3>\n<p style=\"padding-left: 40px;\">Jouissant d&#8217;une r\u00e9putation internationale, elle fait partie de la Ligue Europ\u00e9enne des Universit\u00e9s de Recherche (LEUR), qui r\u00e9unit 12 des meilleures universit\u00e9s de recherche en Europe. Elle est d\u00e9sormais la deuxi\u00e8me plus grande universit\u00e9 de Suisse en termes d&#8217;effectifs \u00e9tudiants, juste en arri\u00e8re de l&#8217;Universit\u00e9 de Zurich. Ses d\u00e9partements de psychologie et de biologie sont fort renomm\u00e9s du monde entier. De plus, elle abrite l&#8217;une des plus anciennes et renomm\u00e9es \u00e9coles de traduction au monde: l&#8217;\u00c9cole de Traduction et d&#8217;Interpr\u00e9tation de Gen\u00e8ve (ETI).<\/p>\n<hr \/>\n<h2>France<\/h2>\n<h3 style=\"padding-left: 40px;\"><a href=\"https:\/\/www.univ-reims.fr\/\" target=\"_blank\" rel=\"noopener noreferrer\">Universit\u00e9 de Reims Champagne-Ardenne<\/a><\/h3>\n<hr \/>\n<h3 style=\"padding-left: 40px;\"><a href=\"https:\/\/www.icp.fr\/\" target=\"_blank\" rel=\"noopener noreferrer\">ICP: Institut Catholique de Paris<\/a><\/h3>\n<p style=\"padding-left: 40px;\">\u00c9tabli en 1875, l\u2019ICP comprend 6 facult\u00e9s : lettres, philosophie, \u00e9ducation, sciences \u00e9conomiques et sociales, ing\u00e9nierie, et droit. En 1948, l&#8217;Institut de Langue et de Culture Fran\u00e7aises (I.L.C.F.) a \u00e9t\u00e9 cr\u00e9\u00e9. R\u00e9put\u00e9 pour son enseignement rigoureux, il convient particuli\u00e8rement aux \u00e9tudiants internationaux qui envisagent d\u2019\u00e9tudier \u00e0 l&#8217;Universit\u00e9 Catholique de Paris.<\/p>\n<hr style=\"padding-left: 40px;\" \/>\n<h3 style=\"padding-left: 40px;\"><a href=\"https:\/\/www.parisnanterre.fr\/portail-institutionnel-693762.kjsp\" target=\"_blank\" rel=\"noopener noreferrer\">Universit\u00e9 Paris Nanterre<\/a><\/h3>\n<p style=\"padding-left: 40px;\">Depuis la fin des ann\u00e9es 60, l&#8217;Universit\u00e9 Paris Nanterre (Universit\u00e9 Paris 10) jouit d&#8217;une grande r\u00e9putation dans le milieu acad\u00e9mique. Elle propose non seulement d\u2019excellents programmes de formation internationalis\u00e9s, mais a \u00e9galement remport\u00e9 de nombreux prix dans la port\u00e9e de ses domaines de recherche. En outre, l&#8217;Universit\u00e9 Paris 10 compte de nombreux partenaires, dont des \u00e9tablissements d&#8217;enseignement sup\u00e9rieur \u00e0 l&#8217;\u00e9tranger. Les dipl\u00f4m\u00e9s form\u00e9s \u00e0 ses programmes innovants et exigeants sont tr\u00e8s recherch\u00e9s dans le monde professionnel. Le campus s&#8217;\u00e9tend sur environ 32 acres, avec des \u00e9quipements tels qu&#8217;une piscine, des espaces verts et un th\u00e9\u00e2tre. Il est situ\u00e9 \u00e0 La D\u00e9fense, le plus grand quartier d&#8217;affaires d&#8217;Europe, b\u00e9n\u00e9ficiant ainsi d&#8217;un excellent r\u00e9seau de transport en commun.<\/p>\n<hr style=\"padding-left: 40px;\" \/>\n<h3 style=\"padding-left: 40px;\"><a href=\"http:\/\/www.univ-fcomte.fr\/\" target=\"_blank\" rel=\"noopener noreferrer\">Universit\u00e9 de Franche-Comt\u00e9<\/a><\/h3>\n<p style=\"padding-left: 40px;\">L\u2019Universit\u00e9 de Franche-Comt\u00e9 a \u00e9t\u00e9 fond\u00e9e en 1432. C&#8217;est une universit\u00e9 publique polyvalente bien connue en France. Son centre de formation des enseignants de fran\u00e7ais internationaux est r\u00e9put\u00e9 en France et en Europe. Chaque ann\u00e9e, des enseignants de fran\u00e7ais du monde entier y sont form\u00e9s et \u00e9changent leurs exp\u00e9riences p\u00e9dagogiques. Le centre d&#8217;apprentissage des langues internationales, cr\u00e9\u00e9 en 1958, se distingue par son accent sur l&#8217;application de l&#8217;\u00e9ducation linguistique aux besoins de d\u00e9veloppement professionnel dans la soci\u00e9t\u00e9. Il est devenu l&#8217;un des plus grands centres de formation linguistique en France.<\/p>\n<hr style=\"padding-left: 40px;\" \/>\n<h3 style=\"padding-left: 40px;\"><a href=\"https:\/\/www.unilim.fr\/\" target=\"_blank\" rel=\"noopener noreferrer\">Universit\u00e9 de Limoges<\/a><\/h3>\n<p style=\"padding-left: 40px;\">L\u2019Universit\u00e9 de Limoges a \u00e9t\u00e9 fond\u00e9e en 1968, c&#8217;est l&#8217;une des plus grandes universit\u00e9s polyvalentes du centre de la France. Elle offre soit un total de 9 facult\u00e9s et \u00e9coles: les facult\u00e9s en droit et \u00e9conomie, m\u00e9decine, pharmacie, lettres et sciences humaines, sciences techniques, gestion d&#8217;entreprise (IAE), l&#8217;\u00c9cole Nationale Sup\u00e9rieure d&#8217;Ing\u00e9nieurs de Limoges, l&#8217;Institut Universitaire de Technologie de Limoges, le Coll\u00e8ge pr\u00e9paratoire aux \u00e9tudes administratives g\u00e9n\u00e9rales, ainsi que l&#8217;Institut de Recherche de l&#8217;Universit\u00e9 Professionnelle. Le campus principal se localise dans le centre de Limoges, avec d&#8217;autres \u00e9tablissements \u00e0 Brive, Egletons, Tulle, Meymac, Ahun et la Souterraine.<\/p>\n<hr style=\"padding-left: 40px;\" \/>\n<h3 style=\"padding-left: 40px;\">Universite Blaise Pascal Clermont-Ferrand<\/h3>\n<p style=\"padding-left: 40px;\">L\u2019Universit\u00e9 Blaise Pascal Clermont-Ferrand est un actif centre universitaire multidisciplinaire dans le centre de la France, r\u00e9unissant toutes les principales disciplines de l&#8217;enseignement sup\u00e9rieur et de la recherche scientifique. Elle est internationalement reconnue et r\u00e9put\u00e9e pour la qualit\u00e9 de son enseignement en ing\u00e9nierie, sciences exactes et naturelles, sciences du sport, psychologie, lettres, langues, et sciences humaines. Elle compte 9 facult\u00e9s, 2 \u00e9coles techniques professionnelles, 1 institut de recherche, 1 centre d&#8217;observation en astrophysique et 1 centre de formation en fran\u00e7ais pour les \u00e9tudiants \u00e9trangers.<\/p>\n<hr style=\"padding-left: 40px;\" \/>\n<h3 style=\"padding-left: 40px;\"><a href=\"https:\/\/www.ucly.fr\/\" target=\"_blank\" rel=\"noopener noreferrer\">UCLy: Universit\u00e9 Catholique de Lyon<\/a><\/h3>\n<p style=\"padding-left: 40px;\">L\u2019Universit\u00e9 Catholique de Lyon a \u00e9t\u00e9 fond\u00e9e en 1875, c&#8217;est une universit\u00e9 polyvalente en arts et sciences. Elle compte 5 facult\u00e9s, 5 \u00e9coles sup\u00e9rieures sp\u00e9cialis\u00e9es, 20 centres de recherche et 2 universit\u00e9s affili\u00e9es. Ses domaines de sp\u00e9cialisation comprennent l&#8217;\u00e9conomie, l&#8217;ing\u00e9nierie, la biologie, l&#8217;architecture, les langues, la litt\u00e9rature, l&#8217;histoire et la gestion, couvrant toutes les disciplines en arts et sciences. L&#8217;universit\u00e9 a instaur\u00e9 en 1948 son institut de consultation culturelle et poss\u00e8de d\u00e8s maintenant plus de 50 ans d&#8217;exp\u00e9rience dans l&#8217;enseignement des \u00e9tudiants \u00e9trangers. L&#8217;\u00e9tablissement a une forte influence internationale, \u00e9changeant des \u00e9tudiants, des enseignants et des chercheurs avec des universit\u00e9s sur les cinq continents, et entretient des relations particuli\u00e8rement profondes et durables avec les pays en d\u00e9veloppement.<\/p>\n<hr style=\"padding-left: 40px;\" \/>\n<h3 style=\"padding-left: 40px;\"><a href=\"https:\/\/www.univ-lyon2.fr\/\" target=\"_blank\" rel=\"noopener noreferrer\">Universit\u00e9 Lumi\u00e8re Lyon 2<\/a><\/h3>\n<p style=\"padding-left: 40px;\">L&#8217;Universit\u00e9 Lyon 2 a \u00e9t\u00e9 cr\u00e9\u00e9e \u00e0 partir des facult\u00e9s de droit, des lettres et des sciences sociales de l&#8217;Universit\u00e9 de Lyon en 1969. Elle a \u00e9t\u00e9 renomm\u00e9e Universit\u00e9 Lumi\u00e8re Lyon 2 en 1987, commun\u00e9ment appel\u00e9e Universit\u00e9 Lyon 2. C&#8217;est l&#8217;une des meilleures universit\u00e9s en France, sp\u00e9cialis\u00e9e en lettres, langues, sciences humaines, droit, sciences politiques, \u00e9conomie et gestion. En termes de recherche scientifique, elle est en partenariat avec des organismes de recherche nationaux et d&#8217;autres universit\u00e9s prestigieuses de la r\u00e9gion, formant un r\u00e9seau d&#8217;\u00e9changes acad\u00e9miques avanc\u00e9s dans la r\u00e9gion lyonnaise.<\/p>\n<hr style=\"padding-left: 40px;\" \/>\n<h3 style=\"padding-left: 40px;\"><a href=\"https:\/\/www.univ-lyon3.fr\/\" target=\"_blank\" rel=\"noopener noreferrer\">Universite Jean Moulin Lyon 3<\/a><\/h3>\n<p style=\"padding-left: 40px;\">L&#8217;Universit\u00e9 Lyon 3 a \u00e9t\u00e9 reconstitu\u00e9e en 1973 depuis sa s\u00e9paration de l\u2019universit\u00e9 Lyon 2. Ses facult\u00e9s de gestion, de droit et de philosophie jouissent d&#8217;une grande r\u00e9putation en France. Sa facult\u00e9 de gestion est la plus grande du pays. Outre l&#8217;\u00e9ducation fondamentale, son programme le plus distinctif et influent est le dipl\u00f4me DESS, lanc\u00e9 en 1974 pour r\u00e9pondre aux besoins des entreprises de former des cadres sup\u00e9rieurs en gestion. Sa facult\u00e9 de droit est class\u00e9e parmi les cinq meilleures facult\u00e9s de droit d&#8217;Europe, derri\u00e8re justement l&#8217;Universit\u00e9 de Paris, l&#8217;Universit\u00e9 d&#8217;Oxford et l&#8217;Universit\u00e9 de Cambridge au Royaume-Uni, ainsi que l&#8217;Universit\u00e9 de Heidelberg en Allemagne.<\/p>\n<hr style=\"padding-left: 40px;\" \/>\n<p>&nbsp;<\/p>\n<p>&nbsp;<\/p>\n<div id=\"gtx-trans\" style=\"position: absolute; left: 50px; top: 747.219px;\">\n<div class=\"gtx-trans-icon\">\u00a0<\/div>\n<\/div>\n","protected":false},"excerpt":{"rendered":"<p>\u00a0 Canada \u00a0Universi<\/p>\n","protected":false},"author":1,"featured_media":0,"parent":678,"menu_order":0,"comment_status":"closed","ping_status":"closed","template":"","meta":{"footnotes":""},"class_list":["post-680","page","type-page","status-publish","hentry"],"_links":{"self":[{"href":"https:\/\/french.ncu.edu.tw\/index.php?rest_route=\/wp\/v2\/pages\/680"}],"collection":[{"href":"https:\/\/french.ncu.edu.tw\/index.php?rest_route=\/wp\/v2\/pages"}],"about":[{"href":"https:\/\/french.ncu.edu.tw\/index.php?rest_route=\/wp\/v2\/types\/page"}],"author":[{"embeddable":true,"href":"https:\/\/french.ncu.edu.tw\/index.php?rest_route=\/wp\/v2\/users\/1"}],"replies":[{"embeddable":true,"href":"https:\/\/french.ncu.edu.tw\/index.php?rest_route=%2Fwp%2Fv2%2Fcomments&post=680"}],"version-history":[{"count":8,"href":"https:\/\/french.ncu.edu.tw\/index.php?rest_route=\/wp\/v2\/pages\/680\/revisions"}],"predecessor-version":[{"id":6554,"href":"https:\/\/french.ncu.edu.tw\/index.php?rest_route=\/wp\/v2\/pages\/680\/revisions\/6554"}],"up":[{"embeddable":true,"href":"https:\/\/french.ncu.edu.tw\/index.php?rest_route=\/wp\/v2\/pages\/678"}],"wp:attachment":[{"href":"https:\/\/french.ncu.edu.tw\/index.php?rest_route=%2Fwp%2Fv2%2Fmedia&parent=680"}],"curies":[{"name":"wp","href":"https:\/\/api.w.org\/{rel}","templated":true}]}}