{"id":6834,"date":"2025-07-01T11:45:27","date_gmt":"2025-07-01T03:45:27","guid":{"rendered":"https:\/\/french.ncu.edu.tw\/?page_id=6834"},"modified":"2025-08-12T14:20:34","modified_gmt":"2025-08-12T06:20:34","slug":"jean-pierre-taing","status":"publish","type":"page","link":"https:\/\/french.ncu.edu.tw\/?page_id=6834","title":{"rendered":"Jean-Pierre TAING"},"content":{"rendered":"<p>\u9673\u5c1a\u57f9 \u52a9\u7406\u6559\u6388<\/p>\n<p>\u6cd5\u570b\u827e\u514b\u65af-\u99ac\u8cfd\u5927\u5b78 \u5730\u7406\u5b78\u535a\u58eb<br \/>\n\u4eba\u6587\u5730\u7406\u3001\u6d77\u5916\u83ef\u4eba\u3001\u570b\u969b\u79fb\u6c11\u3001\u8de8\u570b\u8cbf\u6613<br \/>\n\u5206\u6a5f\uff5c33312<br \/>\n<a href=\"mailto:jptaing@cc.ncu.edu.tw\">jptaing@cc.ncu.edu.tw<\/a><\/p>\n<h1><img loading=\"lazy\" decoding=\"async\" class=\"alignnone wp-image-6835\" src=\"https:\/\/french.ncu.edu.tw\/wp-content\/uploads\/\u64f7\u53d6-1.jpg\" alt=\"\" width=\"155\" height=\"186\" \/>\u00a0<\/h1>\n<hr \/>\n<h3><strong>\u6700\u9ad8\u5b78\u6b77\u00a0<\/strong><strong>Dipl\u00f4me<\/strong><\/h3>\n<div class=\"section\">\n<p>\u6cd5\u570b\u827e\u514b\u65af-\u99ac\u8cfd\u5927\u5b78\u5730\u7406\u5b78\u535a\u58eb<br \/>\n<span class=\"fontstyle0\">DOCTORAT en G\u00e9ographie<\/span>, Aix-Marseille Universit\u00e9, France<\/p>\n<p>\u5b78\u4f4d\u8ad6\u6587\uff1a<strong><br \/>\n<\/strong>\u00a0<span class=\"fontstyle0\">Taing, J.-P. <\/span><span class=\"fontstyle2\">(2023). La diaspora chinoise \u00e0 la crois\u00e9e des nouvelles routes de la soie : le cas du Maroc, Th\u00e8se en g\u00e9ographie, Universit\u00e9 d\u2019Aix-Marseille, 255p.<\/span><\/p>\n<hr \/>\n<h3 class=\"part\">\u5c08\u9577\u9818\u57df Sp\u00e9cialit\u00e9s<\/h3>\n<p class=\"part\"><span class=\"fontstyle2\">\u2022 <\/span>\u00a0<span class=\"fontstyle0\">\u570b\u969b\u5316, \u8de8\u570b\u8cbf\u6613, \u7d72\u7da2\u4e4b\u8def, \u2f00\u5e36\u2f00\u8def BRI<br \/>\n<\/span><span class=\"fontstyle2\">\u2022 <\/span><span class=\"fontstyle0\">\u6d77\u5916\u83ef\u2f08, \u570b\u969b\u79fb\u6c11<br \/>\n<\/span><span class=\"fontstyle2\">\u2022 <\/span><span class=\"fontstyle0\">\u8cbf\u6613\u793e\u5340, \u79fb\u6c11\u793e\u5340<br \/>\n<\/span><span class=\"fontstyle2\">\u2022 <\/span><span class=\"fontstyle0\">\u83ef\u2f08\u4e16\u754c, \u5730\u4e2d\u6d77 , \u963f\u683c\u2fa5\u5e03, \u6469\u6d1b\u54e5, \u963f\u723e\u53ca\u5229\u4e9e<\/span>\u00a0<\/p>\n<hr \/>\n<h3 class=\"part\">\u7d93\u6b77 Parcours professionnel<\/h3>\n<p><span class=\"fontstyle3\">\u2022<\/span><span class=\"fontstyle0\">2016\u00a0 : <\/span><span class=\"fontstyle2\">\u53f0\u7063\u53f0\u5317 <\/span><span class=\"fontstyle0\">CIEL \u6b50\u5354\u8a9e\u2f42\u4e2d\u2f3c\u5c0d\u5916\u6cd5\u8a9e\u6559\u5e2b.<br \/>\n<\/span><span class=\"fontstyle0\"><span class=\"fontstyle3\">\u2022<\/span>2014-2015 : \u53f0\u7063\u4e2d\u58e2\u4e2d\u592e\u2f24\u5b78\u6cd5\u2f42\u7cfb\u6cd5\u8a9e\u52a9\u6559<br \/>\n<\/span><span class=\"fontstyle3\">\u00a0 \u00a0\u2022 <\/span><span class=\"fontstyle2\">\u53f0\u7063\u2f24\u5712\u570b\u969b\u2fbc\u4e2d\u5c0d\u5916\u6cd5\u8a9e\u4ee3\u8ab2\u2f7c\u5e2b<br \/>\n<\/span><span class=\"fontstyle3\">\u00a0 \u00a0\u2022<\/span><span class=\"fontstyle0\">\u53f0\u7063\u6b66\u9675\u2fbc\u7d1a\u4e2d\u5b78<\/span><span class=\"fontstyle2\">\u5c0d\u5916\u6cd5\u8a9e\u4ee3\u8ab2\u2f7c\u5e2b<\/span><\/p>\n<hr \/>\n<\/div>\n<h3 class=\"part\">\u8457\u4f5c\u76ee\u9304 Publications<\/h3>\n<div class=\"section\" style=\"padding-left: 40px;\">\n<h4>\u671f\u520a\u8ad6\u6587<\/h4>\n<p><span class=\"fontstyle0\">Belguidoum, S. et Taing, J.-P<\/span><span class=\"fontstyle2\">. (2025 \u00e0 paraitre, en cours de traduction). \u00ab La diasporachinoise au temps des nouvelles routes de la soie : les vicissitudes de la pr\u00e9sencechinoise au Maroc et en Alg\u00e9rie \u00bb (anglais). In <\/span><span class=\"fontstyle2\">Handbook of Chinese Migration to the <\/span><span class=\"fontstyle2\">Middle East and Africa <\/span><span class=\"fontstyle2\">edited by Emilie Tran et Yahia Zoubir, BRILL. <\/span><span class=\"fontstyle2\">Chapitred\u2019ouvrage.<\/span><span class=\"fontstyle0\">Taing, J.-P<\/span><span class=\"fontstyle2\">. (2024, en cours de soumission). \u00ab Les nouvelles migrations chinoises vues du Sud : travailleurs et entrepreneurs chinois en Alg\u00e9rie \u00bb. <\/span><span class=\"fontstyle2\">Esprit critique<\/span><span class=\"fontstyle2\">.<br \/>\n<\/span><span class=\"fontstyle0\">Taing, J.-P<\/span><span class=\"fontstyle2\">. (2023). \u00ab A Casablanca, un quartier chinois sur les Nouvelles routes de la soie \u00bb. <\/span><span class=\"fontstyle2\">Moyen Orient, <\/span><span class=\"fontstyle2\">No. 58, Avril-Juin 2023, 54-59.<br \/>\n<\/span><span class=\"fontstyle0\">Taing, J.-P<\/span><span class=\"fontstyle2\">. (2022). \u00ab Les mains dans le Cambouis : les mots de la mondialisation \u00bb.<\/span><span class=\"fontstyle2\">Afrique en Mouvement<\/span><span class=\"fontstyle2\">, N\u00b04, 4-7.<br \/>\n<\/span><span class=\"fontstyle0\">Taing, J.-P. <\/span><span class=\"fontstyle2\">(2019). \u00ab Les Nouvelles routes de la soie au prisme des migrations : les visages de la pr\u00e9sence chinoise au Maroc \u00bb. <\/span><span class=\"fontstyle2\">Confluences M\u00e9diterran\u00e9e<\/span><span class=\"fontstyle2\">, 2019\/2, N\u00b0 109, 77-90<\/span><span class=\"fontstyle2\">.<br \/>\n<\/span><span class=\"fontstyle0\">Taing, J.-P. <\/span><span class=\"fontstyle2\">(2015). \u00ab Les migrations chinoises au Maroc : les commer\u00e7ants s\u00e9journeurs de Casablanca \u00bb. In N. Khrouz, et N. Lanza, (dir). <\/span><span class=\"fontstyle2\">Migrants au Maroc Cosmopolitisme, pr\u00e9sence d\u2019\u00e9trangers et transformations sociales (<\/span><span class=\"fontstyle2\">p. 45-49)<\/span><span class=\"fontstyle2\">. <\/span><span class=\"fontstyle2\">Rabat, Fondation Konrad Adenauer Stiftung de Rabat et Centre Jacques Berque.<br \/>\n<\/span><span class=\"fontstyle0\">Taing, J.-P. <\/span><span class=\"fontstyle2\">(2015). \u00ab L\u2019immigration chinoise \u00e0 Alger : l\u2019\u00e9mergence d\u2019une place marchande \u00e0 Bab Ezzouar ? \u00bb <\/span><span class=\"fontstyle2\">Les Cahiers d\u2019EMAM<\/span><span class=\"fontstyle2\">, N\u00b0 26, 141-150<\/span><span class=\"fontstyle2\">.<\/span><\/p>\n<hr \/>\n<h4>\u7814\u8a0e\u6703\u8ad6\u6587\u53ca\u5176\u4ed6\u5b78\u8853\u8ad6\u6587<\/h4>\n<p>\u00a0<span class=\"fontstyle0\">2024\/06\/11 : \u00ab A la recherche de la diaspora chinoise : du cheminement personnel au cheminement scientifique \u00bb, Atelier de chinois anime par Yoann GOUDIN (L0- M2),Universit\u00e9 Lyon 3, Lyon.<br \/>\n2024\/06\/04 : \u00ab Les nouvelles migrations chinoises vues du Sud : travailleurs et entrepreneurs chinois en Alg\u00e9rie \u00bb, Journ\u00e9e d\u2019\u00e9tude \u00ab H\u00e9g\u00e9monie, m\u00e9moires et identit\u00e9s subalternes au sein de l\u2019Alg\u00e9rie contemporaine (de 1954 \u00e0 nos jours) \u00bb, MMSH\uff0c\u6cd5\u570b\u827e\u514b\u65af\u666e\u7f85\u65fa\u65af<br \/>\nUrl : <\/span><span class=\"fontstyle0\">https:\/\/mesopolhis.fr\/blog\/events\/journee-detude-hegemonie-memoires-etidentites-subalternes-en-algerie-de-1954-a-nos-jours\/<br \/>\n<\/span><span class=\"fontstyle2\">2023\/09\/07 : <\/span><span class=\"fontstyle0\">\u00ab La diaspora chinoise au Maroc \u00e0 la crois\u00e9e des nouvelles routes de la soie \u00bb, Congr\u00e8s Eugeo (visio), session 1174, 7 septembre 2023\uff0c \u897f\u73ed\u7259\u5df4\u585e\u9686\u7d0d<br \/>\nUrl : <\/span><span class=\"fontstyle0\">https:\/\/www.eugeobcn23.eu\/fr\/1174-408-la-diaspora-chinoise-au-maroc-a-lacroisee-des-nouvelles-routes-de-la-soie-jean-pierre-taing\/<br \/>\n<\/span><span class=\"fontstyle2\">2023\/03\/2022 : <\/span><span class=\"fontstyle0\">\u00ab La diaspora chinoise au Maroc : un p\u00f4le migratoire \u00e0 la crois\u00e9e des Nouvelles routes de la soie \u00bb, MT180 2022, Finale Aix-Marseille Provence, M\u00e9diterran\u00e9e, Mucem\uff0c\u6cd5\u570b\u2fba\u8cfd<br \/>\n<\/span><span class=\"fontstyle2\">2021\/06\/17 : <\/span><span class=\"fontstyle0\">Pr\u00e9sentation de ma recherche doctorale, 5<\/span><span class=\"fontstyle0\">e <\/span><span class=\"fontstyle0\">journ\u00e9e de l\u2019ed355 \u00ab Parle-moi de ta th\u00e8se \u00bb, MMSH\uff0c\u6cd5\u570b\u827e\u514b\u65af\u666e\u7f85\u65fa\u65af<br \/>\n<\/span><span class=\"fontstyle2\">2017\/09\/08 : <\/span><span class=\"fontstyle0\">Pr\u00e9sentation de ma recherche doctorale, journ\u00e9es du PHC Maghreb, 8 septembre 2017\uff0c\u7a81\u5c3c\u897f\u4e9e\u7a81\u5c3c\u65af<br \/>\n2017\/11\/22-24 : Pr\u00e9sentation de ma recherche doctorale, 2<\/span><span class=\"fontstyle0\">e <\/span><span class=\"fontstyle0\">s\u00e9minaire annuel du PHC Maghreb <\/span><span class=\"fontstyle0\">\u2013 PHC<\/span><span class=\"fontstyle0\">, , Universit\u00e9 de Sousse,\u7a81\u5c3c\u897f\u4e9e\u8607\u65af<\/span><br \/>\n<span class=\"fontstyle2\">2015\/12\/01 : <\/span><span class=\"fontstyle0\">Conf\u00e9rence \u00ab De l\u2019autre c\u00f4t\u00e9 de la mer : regards migrants Alger Casablanca \u00bb,\u4e2d\u592e\u2f24\u5b78\u6cd5\u2f42\u7cfb\uff0c\u53f0\u7063\u4e2d\u58e2<\/span><\/p>\n<\/div>\n<hr \/>\n<h3 class=\"part\">\u7814\u7a76\u8a08\u5283<\/h3>\n<p class=\"detail\">\u00a0<span class=\"fontstyle0\">PHC Maghreb <\/span><span class=\"fontstyle2\">\u00ab Mondialisation discr\u00e8te au Maghreb \u00bb, coordonn\u00e9 par Sa\u00efd Belguidoum <\/span><span class=\"fontstyle2\">(IREMAM\/Aix-Marseille Universit\u00e9 \u827e\u514b\u65af-\u2fba\u8cfd\u2f24\u5b78) et Olivier Pliez (LISST\/Universit\u00e9 de Toulouse <\/span><span class=\"fontstyle2\">\u2f1f\u9b6f\u65af-\u5357\u5e87\u2fa5\u2f5c\u65af\u806f\u5408\u2f24\u5b78<\/span><span class=\"fontstyle2\">)<\/span><\/p>\n<h4>\u7530\u91ce\u8abf\u67e5<\/h4>\n<p><span class=\"fontstyle0\">2014-2018 <\/span><span class=\"fontstyle2\">\u6469\u6d1b\u54e5\u5361\u85a9\u5e03\u862d\u5361\u5730\u7406\u5b78\u535a\u2f20\u8ad6\u2f42\u2f65\u91ce\u8abf\u67e5<br \/>\n<\/span><span class=\"fontstyle0\">2013 <\/span><span class=\"fontstyle2\">\u963f\u723e\u53ca\u5229\u4e9e\u5730\u7406\u5b78\u78a9\u2f20\u8ad6\u2f42\u2f65\u91ce\u8abf\u67e5<\/span><\/p>\n<div class=\"section\">\n<hr \/>\n<h3 class=\"part\">\u8fd1\u4e09\u5e74\u6559\u6388\u79d1\u76eeEnseignements<\/h3>\n<p><strong>\u5927\u5b78\u90e8<\/strong><\/p>\n<\/div>\n<div id=\"gtx-trans\" style=\"position: absolute; left: -16px; top: 3.71875px;\">\n<div class=\"gtx-trans-icon\">\u00a0<\/div>\n<\/div>\n","protected":false},"excerpt":{"rendered":"<p>\u9673\u5c1a\u57f9 \u52a9\u7406\u6559\u6388 \u6cd5\u570b\u827e\u514b\u65af-\u99ac\u8cfd\u5927<\/p>\n","protected":false},"author":1,"featured_media":0,"parent":34,"menu_order":0,"comment_status":"closed","ping_status":"closed","template":"","meta":{"footnotes":""},"class_list":["post-6834","page","type-page","status-publish","hentry"],"_links":{"self":[{"href":"https:\/\/french.ncu.edu.tw\/index.php?rest_route=\/wp\/v2\/pages\/6834"}],"collection":[{"href":"https:\/\/french.ncu.edu.tw\/index.php?rest_route=\/wp\/v2\/pages"}],"about":[{"href":"https:\/\/french.ncu.edu.tw\/index.php?rest_route=\/wp\/v2\/types\/page"}],"author":[{"embeddable":true,"href":"https:\/\/french.ncu.edu.tw\/index.php?rest_route=\/wp\/v2\/users\/1"}],"replies":[{"embeddable":true,"href":"https:\/\/french.ncu.edu.tw\/index.php?rest_route=%2Fwp%2Fv2%2Fcomments&post=6834"}],"version-history":[{"count":6,"href":"https:\/\/french.ncu.edu.tw\/index.php?rest_route=\/wp\/v2\/pages\/6834\/revisions"}],"predecessor-version":[{"id":6885,"href":"https:\/\/french.ncu.edu.tw\/index.php?rest_route=\/wp\/v2\/pages\/6834\/revisions\/6885"}],"up":[{"embeddable":true,"href":"https:\/\/french.ncu.edu.tw\/index.php?rest_route=\/wp\/v2\/pages\/34"}],"wp:attachment":[{"href":"https:\/\/french.ncu.edu.tw\/index.php?rest_route=%2Fwp%2Fv2%2Fmedia&parent=6834"}],"curies":[{"name":"wp","href":"https:\/\/api.w.org\/{rel}","templated":true}]}}