{"id":855,"date":"2020-02-16T22:39:22","date_gmt":"2020-02-16T14:39:22","guid":{"rendered":"http:\/\/140.115.197.66:3000\/?page_id=855"},"modified":"2024-06-26T22:43:33","modified_gmt":"2024-06-26T14:43:33","slug":"ressources-utiles-2","status":"publish","type":"page","link":"https:\/\/french.ncu.edu.tw\/?page_id=855&lang=fr","title":{"rendered":"RESSOURCES UTILES"},"content":{"rendered":"<p>La candidature du programme d\u2019\u00e9change pour les \u00e9tudiants \u00e9trangers<\/p>\n<p><a href=\"https:\/\/cis.ncu.edu.tw\/admissions\/\" target=\"_blank\" rel=\"noopener\">https:\/\/cis.ncu.edu.tw\/admissions\/\u00a0<\/a><\/p>\n<p>Informations de candidature et proc\u00e9dure d&#8217;enregistrement<\/p>\n<p>Chaque ann\u00e9e, l&#8217;Universit\u00e9 Nationale Centrale accueille des \u00e9tudiants en \u00e9change recommand\u00e9s par ses universit\u00e9s partenaires \u00e0 l&#8217;\u00e9tranger. Les \u00e9tudiants internationaux souhaitant postuler \u00e0 notre programme d&#8217;\u00e9change doivent imp\u00e9rativement contacter le bureau des affaires internationales de leur universit\u00e9 d&#8217;origine pour v\u00e9rifier s&#8217;ils sont \u00e9ligibles \u00e0 ce programme d&#8217;\u00e9change.<\/p>\n<ol>\n<li>Donner la candidature du programme d\u2019\u00e9change \u00e0 votre universit\u00e9 d\u2019appartenance.<\/li>\n<li>\u00catre recommand\u00e9(e) par le bureau des affaires internationales de votre universit\u00e9 d\u2019appartenance.<\/li>\n<li>Postuler et mettre en ligne les documents requis.<\/li>\n<li>Votre candidature sera examin\u00e9e par l\u2019Universit\u00e9 National Centrale.<\/li>\n<li>L\u2019universit\u00e9 partenaire sera inform\u00e9e du r\u00e9sultat de votre candidature.<\/li>\n<li>Le\/la candidat(e) recevra finalement une lettre \u201cd\u2019admission\u201d ou \u201cde refus\u201d.<\/li>\n<\/ol>\n<p>&nbsp;<\/p>\n<hr \/>\n<p>&nbsp;<\/p>\n<div id=\"gtx-trans\" style=\"position: absolute; left: -12px; top: 2747.39px;\">\n<div class=\"gtx-trans-icon\">\u00a0<\/div>\n<\/div>\n","protected":false},"excerpt":{"rendered":"<p>La candidature du <\/p>\n","protected":false},"author":1,"featured_media":0,"parent":0,"menu_order":0,"comment_status":"closed","ping_status":"closed","template":"","meta":{"footnotes":""},"class_list":["post-855","page","type-page","status-publish","hentry"],"_links":{"self":[{"href":"https:\/\/french.ncu.edu.tw\/index.php?rest_route=\/wp\/v2\/pages\/855","targetHints":{"allow":["GET"]}}],"collection":[{"href":"https:\/\/french.ncu.edu.tw\/index.php?rest_route=\/wp\/v2\/pages"}],"about":[{"href":"https:\/\/french.ncu.edu.tw\/index.php?rest_route=\/wp\/v2\/types\/page"}],"author":[{"embeddable":true,"href":"https:\/\/french.ncu.edu.tw\/index.php?rest_route=\/wp\/v2\/users\/1"}],"replies":[{"embeddable":true,"href":"https:\/\/french.ncu.edu.tw\/index.php?rest_route=%2Fwp%2Fv2%2Fcomments&post=855"}],"version-history":[{"count":7,"href":"https:\/\/french.ncu.edu.tw\/index.php?rest_route=\/wp\/v2\/pages\/855\/revisions"}],"predecessor-version":[{"id":6062,"href":"https:\/\/french.ncu.edu.tw\/index.php?rest_route=\/wp\/v2\/pages\/855\/revisions\/6062"}],"wp:attachment":[{"href":"https:\/\/french.ncu.edu.tw\/index.php?rest_route=%2Fwp%2Fv2%2Fmedia&parent=855"}],"curies":[{"name":"wp","href":"https:\/\/api.w.org\/{rel}","templated":true}]}}