{"id":944,"date":"2020-02-17T21:30:31","date_gmt":"2020-02-17T13:30:31","guid":{"rendered":"http:\/\/140.115.197.66:3000\/?page_id=944"},"modified":"2025-01-23T14:24:56","modified_gmt":"2025-01-23T06:24:56","slug":"nos-sites-et-campus","status":"publish","type":"page","link":"https:\/\/french.ncu.edu.tw\/?page_id=944&lang=fr","title":{"rendered":"Nos sites et campus"},"content":{"rendered":"<p>&nbsp;<\/p>\r\n<p>&nbsp;<\/p>\r\n<p><iframe loading=\"lazy\" style=\"border: 0;\" src=\"https:\/\/www.google.com\/maps\/embed?pb=!1m23!1m12!1m3!1d28935.34859892908!2d121.17702143238282!3d24.968884817812274!2m3!1f0!2f0!3f0!3m2!1i1024!2i768!4f13.1!4m8!3e6!4m0!4m5!1s0x346823c1fa450df9%3A0xb994ec7040f4558d!2zMzIw5qGD5ZyS5biC5Lit5aOi5Y2A5Lit5aSn6LevMzAw6Jmf5ZyL56uL5Lit5aSu5aSn5a245paH5a245LqM6aSo!3m2!1d24.968901199999998!2d121.1945334!5e0!3m2!1szh-TW!2stw!4v1581554449761!5m2!1szh-TW!2stw\" width=\"1150\" height=\"400\" frameborder=\"0\" allowfullscreen=\"allowfullscreen\"><span data-mce-type=\"bookmark\" style=\"display: inline-block; width: 0px; overflow: hidden; line-height: 0;\" class=\"mce_SELRES_start\">\ufeff<\/span><\/iframe> \u00a0 \u00a0<\/p>\r\n<h3>D\u00e9partement de Fran\u00e7ais Universit\u00e9 Nationale Centrale<\/h3>\r\n<h3><img loading=\"lazy\" decoding=\"async\" class=\"alignnone  wp-image-476\" src=\"https:\/\/french.ncu.edu.tw\/wp-content\/uploads\/Tanguy-LE-PESANT.jpg\" alt=\"\" width=\"224\" height=\"211\" \/><\/h3>\r\n<h3>Directeur de Notre D\u00e9partement<br \/>\r\nTanguy LEPESANT<\/h3>\r\n<p>Salle C2-315 du b\u00e2timent, 3\u00e8me \u00e9tage, No.2 de la facult\u00e9 des lettres<br \/>\r\nTel : +886.3.422 7151 #33301<br \/>\r\nFax : +886.3.422 7809<br \/>\r\nE-mail : <a href=\"mailto:leiposan@gmail.com\">leiposan@gmail.com<\/a><\/p>\r\n<p>&nbsp;<\/p>\r\n<hr \/><!-- \/wp:paragraph -->\r\n<!-- wp:paragraph -->\r\n<h4>\u5c08\u54e1 Equipe administrative<br \/>\r\n\u9686\u5c0f\u59d0 Mme. Long\uff08\u8ab2\u52d9\uff5c\u62db\u751f\uff09<br \/>\r\n\u5f35\u5c0f\u59d0 Mme. Chang \uff08\u7e3d\u52d9\uff5c\u6587\u5316\u8207\u570b\u969b\u4e8b\u52d9\uff09<\/h4>\r\n<p>Adresse<br \/>\r\nD\u00e9partement de Fran\u00e7ais Universit\u00e9 Nationale Centrale<br \/>\r\nNo. 300, Zhongda Rd., Zhongli Dist., Taoyuan City 320317, Taiwan<br \/>\r\nTel : +886.3.426 71 79 <br \/>\r\nFax : +886.3.422 7809<br \/>\r\nE-mail : <a href=\"mailto:ncu3300@ncu.edu.tw\">ncu3300@ncu.edu.tw<\/a><\/p>\r\n<p>&nbsp;<\/p>\r\n<hr \/>\r\n<p>&nbsp;<\/p>\r\n<h3><a href=\"https:\/\/www.ncu.edu.tw\/en\/pages\/show.php?top=1&amp;num=56\" target=\"_blank\" rel=\"noopener\">Train, High Speed \u200b\u200bRail, Bus<\/a><\/h3>\r\n<p>&nbsp;<\/p>\r\n<hr \/>\r\n<p>&nbsp;<\/p>","protected":false},"excerpt":{"rendered":"<p>&nbsp; &nbsp; \ufeff \u00a0 <\/p>\n","protected":false},"author":1,"featured_media":0,"parent":0,"menu_order":5,"comment_status":"closed","ping_status":"closed","template":"","meta":{"footnotes":""},"class_list":["post-944","page","type-page","status-publish","hentry"],"_links":{"self":[{"href":"https:\/\/french.ncu.edu.tw\/index.php?rest_route=\/wp\/v2\/pages\/944"}],"collection":[{"href":"https:\/\/french.ncu.edu.tw\/index.php?rest_route=\/wp\/v2\/pages"}],"about":[{"href":"https:\/\/french.ncu.edu.tw\/index.php?rest_route=\/wp\/v2\/types\/page"}],"author":[{"embeddable":true,"href":"https:\/\/french.ncu.edu.tw\/index.php?rest_route=\/wp\/v2\/users\/1"}],"replies":[{"embeddable":true,"href":"https:\/\/french.ncu.edu.tw\/index.php?rest_route=%2Fwp%2Fv2%2Fcomments&post=944"}],"version-history":[{"count":20,"href":"https:\/\/french.ncu.edu.tw\/index.php?rest_route=\/wp\/v2\/pages\/944\/revisions"}],"predecessor-version":[{"id":6545,"href":"https:\/\/french.ncu.edu.tw\/index.php?rest_route=\/wp\/v2\/pages\/944\/revisions\/6545"}],"wp:attachment":[{"href":"https:\/\/french.ncu.edu.tw\/index.php?rest_route=%2Fwp%2Fv2%2Fmedia&parent=944"}],"curies":[{"name":"wp","href":"https:\/\/api.w.org\/{rel}","templated":true}]}}